{"id":4522,"date":"2023-05-03T08:06:55","date_gmt":"2023-05-03T08:06:55","guid":{"rendered":"https:\/\/ficha.fr\/?page_id=4522"},"modified":"2023-06-28T14:01:55","modified_gmt":"2023-06-28T14:01:55","slug":"levee-de-fonds","status":"publish","type":"page","link":"https:\/\/ficha.fr\/en\/levee-de-fonds","title":{"rendered":"Ficha raises \u20ac840,000 to accelerate sorting and recycling"},"content":{"rendered":"<div data-elementor-type=\"wp-page\" data-elementor-id=\"4522\" class=\"elementor elementor-4522\" data-elementor-post-type=\"page\">\n\t\t\t\t<div class=\"elementor-element elementor-element-e5d814c e-flex e-con-boxed e-con e-parent\" data-id=\"e5d814c\" data-element_type=\"container\" data-settings=\"{&quot;background_background&quot;:&quot;classic&quot;}\">\n\t\t\t\t\t<div class=\"e-con-inner\">\n\t\t<div class=\"elementor-element elementor-element-5fd72eb e-flex e-con-boxed e-con e-parent\" data-id=\"5fd72eb\" data-element_type=\"container\">\n\t\t\t\t\t<div class=\"e-con-inner\">\n\t\t\t\t<div class=\"elementor-element elementor-element-956928b elementor-widget elementor-widget-image\" data-id=\"956928b\" data-element_type=\"widget\" data-widget_type=\"image.default\">\n\t\t\t\t\t\t\t\t\t\t\t\t\t\t\t<img fetchpriority=\"high\" decoding=\"async\" width=\"875\" height=\"586\" src=\"https:\/\/ficha.fr\/wp-content\/uploads\/2023\/04\/Hubert-Vincent-Raj-IA-Cocon.jpg\" class=\"attachment-large size-large wp-image-4547\" alt=\"Hubert, Vincent, Raj et le Cocon\" srcset=\"https:\/\/ficha.fr\/wp-content\/uploads\/2023\/04\/Hubert-Vincent-Raj-IA-Cocon.jpg 875w, https:\/\/ficha.fr\/wp-content\/uploads\/2023\/04\/Hubert-Vincent-Raj-IA-Cocon-300x201.jpg 300w, https:\/\/ficha.fr\/wp-content\/uploads\/2023\/04\/Hubert-Vincent-Raj-IA-Cocon-768x514.jpg 768w\" sizes=\"(max-width: 875px) 100vw, 875px\" \/>\t\t\t\t\t\t\t\t\t\t\t\t\t\t\t<\/div>\n\t\t\t\t\t<\/div>\n\t\t\t\t<\/div>\n\t\t<div class=\"elementor-element elementor-element-d23a1d7 e-flex e-con-boxed e-con e-parent\" data-id=\"d23a1d7\" data-element_type=\"container\">\n\t\t\t\t\t<div class=\"e-con-inner\">\n\t\t\t\t<div class=\"elementor-element elementor-element-db0fef6 elementor-widget elementor-widget-heading\" data-id=\"db0fef6\" data-element_type=\"widget\" data-widget_type=\"heading.default\">\n\t\t\t\t\t<h4 class=\"elementor-heading-title elementor-size-default\">Press release<\/h4>\t\t\t\t<\/div>\n\t\t\t\t<div class=\"elementor-element elementor-element-e375ed1 elementor-widget elementor-widget-heading\" data-id=\"e375ed1\" data-element_type=\"widget\" data-widget_type=\"heading.default\">\n\t\t\t\t\t<h1 class=\"elementor-heading-title elementor-size-default\">Ficha closes its first fundraising at \u20ac840,000 to accelerate sorting and recycling in France<\/h1>\t\t\t\t<\/div>\n\t\t\t\t\t<\/div>\n\t\t\t\t<\/div>\n\t\t\t\t\t<\/div>\n\t\t\t\t<\/div>\n\t\t<div class=\"elementor-element elementor-element-2382962 e-flex e-con-boxed e-con e-parent\" data-id=\"2382962\" data-element_type=\"container\">\n\t\t\t\t\t<div class=\"e-con-inner\">\n\t\t\t\t<div class=\"elementor-element elementor-element-ecc9962 elementor-widget elementor-widget-text-editor\" data-id=\"ecc9962\" data-element_type=\"widget\" data-widget_type=\"text-editor.default\">\n\t\t\t\t\t\t\t\t\t<p>Ficha, a start-up specializing in the design of waste characterization solutions based on artificial intelligence, raises \u20ac840,000 in March 2023. This first crowdfunding round, conducted with Sowefund, marks a new turning point for the start-up. The time has come to industrialize its products and accelerate their marketing.<\/p>\t\t\t\t\t\t\t\t<\/div>\n\t\t\t\t<div class=\"elementor-element elementor-element-3d6efa6 elementor-widget elementor-widget-heading\" data-id=\"3d6efa6\" data-element_type=\"widget\" data-widget_type=\"heading.default\">\n\t\t\t\t\t<h2 class=\"elementor-heading-title elementor-size-default\">A solution based on Artificial Intelligence for waste sorting<\/h2>\t\t\t\t<\/div>\n\t\t\t\t<div class=\"elementor-element elementor-element-ea7daaf elementor-widget elementor-widget-text-editor\" data-id=\"ea7daaf\" data-element_type=\"widget\" data-widget_type=\"text-editor.default\">\n\t\t\t\t\t\t\t\t\t<p>Founded in February 2020 by Vincent Hipault, Rituraj Shrivastwa and Hubert M\u00e9nard, Ficha specializes in the design of optical solutions incorporating image processing models. Its goal: to characterize waste in sorting bins and collection trucks. The<b>artificial intelligence<\/b>, the start-up&#039;s core business, operates in two key stages of the waste management process. These are collection and pre-collection, to ensure that treatment and recycling are optimal.<\/p>\n<p>First, Ficha tackles the problem of <b>detection<\/b> And <b>localization of sorting errors<\/b>, thanks to a <a href=\"https:\/\/ficha.fr\/en\/camia\/\">sensor<\/a> placed within the garbage trucks themselves. By addressing communities and waste operators directly, Ficha provides visibility and precise data on sorting errors.<\/p>\n<p>In a second phase, Ficha intervenes in collective housing, where sorting errors are the most problematic. The start-up has developed the <a href=\"https:\/\/ficha.fr\/en\/cocon\/\">Cocoon<\/a>, a sensor placed directly on the sorting bins which analyses the<b> quality of sorting of each deposit<\/b>. It helps inform tenants about their mistakes and makes the experience more fun and motivating, by rewarding good behavior via the application. Ficha helps landlords improve the cleanliness of their housing stock and communities optimize the quality and quantity of sorting.<\/p>\t\t\t\t\t\t\t\t<\/div>\n\t\t\t\t<div class=\"elementor-element elementor-element-96eb1d1 elementor-widget elementor-widget-image\" data-id=\"96eb1d1\" data-element_type=\"widget\" data-widget_type=\"image.default\">\n\t\t\t\t\t\t\t\t\t\t\t\t\t\t\t<img decoding=\"async\" width=\"874\" height=\"583\" src=\"https:\/\/ficha.fr\/wp-content\/uploads\/2023\/04\/Equipe-Ficha.jpg\" class=\"attachment-large size-large wp-image-4560\" alt=\"L&#039;\u00e9quipe de Ficha \u00e0 l&#039;occasion de la lev\u00e9e de fonds\" srcset=\"https:\/\/ficha.fr\/wp-content\/uploads\/2023\/04\/Equipe-Ficha.jpg 874w, https:\/\/ficha.fr\/wp-content\/uploads\/2023\/04\/Equipe-Ficha-300x200.jpg 300w, https:\/\/ficha.fr\/wp-content\/uploads\/2023\/04\/Equipe-Ficha-768x512.jpg 768w\" sizes=\"(max-width: 874px) 100vw, 874px\" \/>\t\t\t\t\t\t\t\t\t\t\t\t\t\t\t<\/div>\n\t\t\t\t<div class=\"elementor-element elementor-element-beb9c7e elementor-widget elementor-widget-heading\" data-id=\"beb9c7e\" data-element_type=\"widget\" data-widget_type=\"heading.default\">\n\t\t\t\t\t<h2 class=\"elementor-heading-title elementor-size-default\">\u20ac840,000 to develop the start-up\u2019s growth and market<\/h2>\t\t\t\t<\/div>\n\t\t\t\t<div class=\"elementor-element elementor-element-6343115 elementor-widget elementor-widget-text-editor\" data-id=\"6343115\" data-element_type=\"widget\" data-widget_type=\"text-editor.default\">\n\t\t\t\t\t\t\t\t\t<p>Since the first installations in February 2021, nearly <b>10 tonnes of CO2 equivalent<\/b> saved and 135,000 pieces of waste deposited. This only concerns <b>22 residences<\/b> between Paris, Lyon, Bourg-en-Bresse and Grenoble. The year 2022 validates the value of the solutions, the acquisition of first customers and the integration of the Citeo Circular Challenge accelerator. The start-up has a growing reputation on the waste market. The year 2023 establishes the era of <b>industrialization<\/b> and of <b>acceleration of marketing<\/b>, with three main objectives:<\/p><ul><li>Develop the level of active AI technology in Ficha products, by investing in research and development;<\/li><li>Industrialize solutions by using subcontractors to speed up production;<\/li><li>Develop the French market by increasing the number of cocoon and truck sensor installations. The 2023 target is set at 100 Cocoons and 30 equipped trucks.<\/li><\/ul><div>\u00a0<\/div><p>\u201c<i>This fundraising confirms Ficha&#039;s potential and will allow us to expand the team. Our goal is to meet the expectations of our partners to help them with one of the biggest challenges of the 21st century: waste. It&#039;s an exciting challenge with a highly motivated team and a disruptive technology that will revolutionize the market!<\/i>\u201d, rejoices <strong>Vincent Hipault<\/strong>, President of Ficha.<\/p><p><span style=\"font-weight: 400;\">For <\/span><b>Rituraj Shrivastwa<\/b><span style=\"font-weight: 400;\">, Technical Director at Ficha, \u201c<i>These funds will be used to accelerate the company&#039;s growth and expand its reach in the waste management sector. This fundraising marks an exciting new chapter. It highlights the growing demand for innovative recycling solutions<\/i>\u201d.<\/span><\/p>\t\t\t\t\t\t\t\t<\/div>\n\t\t\t\t<div class=\"elementor-element elementor-element-f2dfded elementor-widget elementor-widget-heading\" data-id=\"f2dfded\" data-element_type=\"widget\" data-widget_type=\"heading.default\">\n\t\t\t\t\t<h2 class=\"elementor-heading-title elementor-size-default\">A booming market, promising for 2023<\/h2>\t\t\t\t<\/div>\n\t\t\t\t<div class=\"elementor-element elementor-element-f8dddde elementor-widget elementor-widget-text-editor\" data-id=\"f8dddde\" data-element_type=\"widget\" data-widget_type=\"text-editor.default\">\n\t\t\t\t\t\t\t\t\t<p><span style=\"font-weight: 400;\">The waste characterization market is very promising, in France as in Europe. According to the World Bank, the <a href=\"https:\/\/fr.statista.com\/infographie\/27143\/quantite-de-dechets-municipaux-generee-par-habitant-par-pays\/#:~:text=Entre%202016%20et%202050%2C%20la,70%20%25%20selon%20la%20Banque%20mondiale.&amp;text=Cette%20carte%20montre%20la%20quantit%C3%A9,et%20par%20an%2C%20en%20kg.\">waste production<\/a> in the world should <\/span><b>increase by 70% between 2016 and 2050<\/b><span style=\"font-weight: 400;\">.<\/span><\/p><p><span style=\"font-weight: 400;\">In France, those responsible for recycling waste are faced with a repressive change in taxation. This is forcing them to review their methods. The need for visibility on the materials collected and raising awareness among users about good sorting practices are priorities for local authorities, waste operators and lessors.<\/span><\/p><p><span style=\"font-weight: 400;\">The pre-collection segment is estimated at more than \u20ac325 million in annual revenue in France. The collection segment at around \u20ac124 million.<\/span><\/p><p><span style=\"font-weight: 400;\">The year 2023 looks very promising and rich in developments for the Grenoble start-up. It is a question of preparing the ground for the continuation of its expansion. Indeed, Ficha&#039;s ambition is to deploy its sensors on the <\/span><b>European market from 2024<\/b><span style=\"font-weight: 400;\">.\u00a0<\/span><\/p><p><span style=\"font-weight: 400;\">A start-up to follow closely and which shows on a daily basis that with Ficha it&#039;s not over!<\/span><\/p>\t\t\t\t\t\t\t\t<\/div>\n\t\t<div class=\"elementor-element elementor-element-8f3205d e-flex e-con-boxed e-con e-parent\" data-id=\"8f3205d\" data-element_type=\"container\" data-settings=\"{&quot;background_background&quot;:&quot;classic&quot;}\">\n\t\t\t\t\t<div class=\"e-con-inner\">\n\t\t\t\t<div class=\"elementor-element elementor-element-1a89f6d elementor-widget elementor-widget-heading\" data-id=\"1a89f6d\" data-element_type=\"widget\" data-widget_type=\"heading.default\">\n\t\t\t\t\t<h3 class=\"elementor-heading-title elementor-size-default\">Press contacts<\/h3>\t\t\t\t<\/div>\n\t\t<div class=\"elementor-element elementor-element-0179fa9 e-flex e-con-boxed e-con e-parent\" data-id=\"0179fa9\" data-element_type=\"container\">\n\t\t\t\t\t<div class=\"e-con-inner\">\n\t\t<div class=\"elementor-element elementor-element-b724f3b e-flex e-con-boxed e-con e-parent\" data-id=\"b724f3b\" data-element_type=\"container\">\n\t\t\t\t\t<div class=\"e-con-inner\">\n\t\t\t\t<div class=\"elementor-element elementor-element-f462b57 elementor-widget elementor-widget-text-editor\" data-id=\"f462b57\" data-element_type=\"widget\" data-widget_type=\"text-editor.default\">\n\t\t\t\t\t\t\t\t\t<p><span style=\"font-size: 1.2rem; color: rgba(0,0,0,0.7);\"><strong>Hubert Menard<\/strong><\/span><\/p><p><span style=\"font-weight: 400;\">General manager<\/span><\/p><p><a href=\"mailto:hubert@ficha.fr\"><span style=\"font-weight: 400; color: #991155;\"><strong>hubert@ficha.fr<\/strong><\/span><\/a><\/p>\t\t\t\t\t\t\t\t<\/div>\n\t\t\t\t\t<\/div>\n\t\t\t\t<\/div>\n\t\t<div class=\"elementor-element elementor-element-3b0853e e-flex e-con-boxed e-con e-parent\" data-id=\"3b0853e\" data-element_type=\"container\">\n\t\t\t\t\t<div class=\"e-con-inner\">\n\t\t\t\t<div class=\"elementor-element elementor-element-6bfe0b0 elementor-widget elementor-widget-text-editor\" data-id=\"6bfe0b0\" data-element_type=\"widget\" data-widget_type=\"text-editor.default\">\n\t\t\t\t\t\t\t\t\t<p><span style=\"font-size: 1.2rem; color: rgba(0,0,0,0.7);\"><strong>Andrea Brochard<\/strong><\/span><\/p><p><span style=\"font-weight: 400;\">Communication and marketing<\/span><\/p><p><a href=\"mailto:andrea@ficha.fr\"><span style=\"font-weight: 400; color: #991155;\"><strong>andrea@ficha.fr<\/strong><\/span><\/a><\/p>\t\t\t\t\t\t\t\t<\/div>\n\t\t\t\t\t<\/div>\n\t\t\t\t<\/div>\n\t\t\t\t\t<\/div>\n\t\t\t\t<\/div>\n\t\t\t\t\t<\/div>\n\t\t\t\t<\/div>\n\t\t\t\t\t<\/div>\n\t\t\t\t<\/div>\n\t\t\t\t<\/div>","protected":false},"excerpt":{"rendered":"<p>Press release Ficha closes its first fundraising at \u20ac840,000 to accelerate sorting and recycling in France Ficha, a start-up specializing in the design of waste characterization solutions based on artificial intelligence, raises \u20ac840,000 in March 2023. This first participatory fundraising, carried out with Sowefund, marks a new turning point\u2026&nbsp;<a href=\"https:\/\/ficha.fr\/en\/levee-de-fonds\" class=\"\" rel=\"bookmark\">Read More \u00bb<span class=\"screen-reader-text\">Ficha raises \u20ac840,000 to accelerate sorting and recycling<\/span><\/a><\/p>","protected":false},"author":1,"featured_media":0,"parent":0,"menu_order":0,"comment_status":"closed","ping_status":"closed","template":"page-templates\/template-pagebuilder-full-width.php","meta":{"neve_meta_sidebar":"full-width","neve_meta_container":"","neve_meta_enable_content_width":"on","neve_meta_content_width":100,"neve_meta_title_alignment":"","neve_meta_author_avatar":"","neve_post_elements_order":"","neve_meta_disable_header":"","neve_meta_disable_footer":"","neve_meta_disable_title":"","footnotes":""},"class_list":["post-4522","page","type-page","status-publish","hentry"],"yoast_head":"<!-- This site is optimized with the Yoast SEO plugin v25.8 - https:\/\/yoast.com\/wordpress\/plugins\/seo\/ -->\n<title>Lev\u00e9e de fonds : Ficha l\u00e8ve 840 000\u20ac pour acc\u00e9l\u00e9rer le tri | Ficha<\/title>\n<meta name=\"description\" content=\"Lev\u00e9e de fonds : Ficha cl\u00f4ture sa premi\u00e8re lev\u00e9e de fonds \u00e0 840 000\u20ac pour acc\u00e9l\u00e9rer le tri et le recyclage en France et en Europe.\" \/>\n<meta name=\"robots\" content=\"index, follow, max-snippet:-1, max-image-preview:large, max-video-preview:-1\" \/>\n<link rel=\"canonical\" href=\"https:\/\/ficha.fr\/en\/levee-de-fonds\/\" \/>\n<meta property=\"og:locale\" content=\"en_GB\" \/>\n<meta property=\"og:type\" content=\"article\" \/>\n<meta property=\"og:title\" content=\"Lev\u00e9e de fonds : Ficha l\u00e8ve 840 000\u20ac pour acc\u00e9l\u00e9rer le tri | Ficha\" \/>\n<meta property=\"og:description\" content=\"Lev\u00e9e de fonds : Ficha cl\u00f4ture sa premi\u00e8re lev\u00e9e de fonds \u00e0 840 000\u20ac pour acc\u00e9l\u00e9rer le tri et le recyclage en France et en Europe.\" \/>\n<meta property=\"og:url\" content=\"https:\/\/ficha.fr\/en\/levee-de-fonds\/\" \/>\n<meta property=\"og:site_name\" content=\"Ficha\" \/>\n<meta property=\"article:modified_time\" content=\"2023-06-28T14:01:55+00:00\" \/>\n<meta property=\"og:image\" content=\"https:\/\/ficha.fr\/wp-content\/uploads\/2023\/04\/Hubert-Vincent-Raj-IA-Cocon.jpg\" \/>\n<meta name=\"twitter:card\" content=\"summary_large_image\" \/>\n<meta name=\"twitter:label1\" content=\"Estimated reading time\" \/>\n\t<meta name=\"twitter:data1\" content=\"5 minutes\" \/>\n<script type=\"application\/ld+json\" class=\"yoast-schema-graph\">{\"@context\":\"https:\/\/schema.org\",\"@graph\":[{\"@type\":\"WebPage\",\"@id\":\"https:\/\/ficha.fr\/levee-de-fonds\",\"url\":\"https:\/\/ficha.fr\/levee-de-fonds\",\"name\":\"Lev\u00e9e de fonds : Ficha l\u00e8ve 840 000\u20ac pour acc\u00e9l\u00e9rer le tri | Ficha\",\"isPartOf\":{\"@id\":\"https:\/\/ficha.fr\/#website\"},\"primaryImageOfPage\":{\"@id\":\"https:\/\/ficha.fr\/levee-de-fonds#primaryimage\"},\"image\":{\"@id\":\"https:\/\/ficha.fr\/levee-de-fonds#primaryimage\"},\"thumbnailUrl\":\"https:\/\/ficha.fr\/wp-content\/uploads\/2023\/04\/Hubert-Vincent-Raj-IA-Cocon.jpg\",\"datePublished\":\"2023-05-03T08:06:55+00:00\",\"dateModified\":\"2023-06-28T14:01:55+00:00\",\"description\":\"Lev\u00e9e de fonds : Ficha cl\u00f4ture sa premi\u00e8re lev\u00e9e de fonds \u00e0 840 000\u20ac pour acc\u00e9l\u00e9rer le tri et le recyclage en France et en Europe.\",\"breadcrumb\":{\"@id\":\"https:\/\/ficha.fr\/levee-de-fonds#breadcrumb\"},\"inLanguage\":\"en-GB\",\"potentialAction\":[{\"@type\":\"ReadAction\",\"target\":[\"https:\/\/ficha.fr\/levee-de-fonds\"]}]},{\"@type\":\"ImageObject\",\"inLanguage\":\"en-GB\",\"@id\":\"https:\/\/ficha.fr\/levee-de-fonds#primaryimage\",\"url\":\"https:\/\/ficha.fr\/wp-content\/uploads\/2023\/04\/Hubert-Vincent-Raj-IA-Cocon.jpg\",\"contentUrl\":\"https:\/\/ficha.fr\/wp-content\/uploads\/2023\/04\/Hubert-Vincent-Raj-IA-Cocon.jpg\"},{\"@type\":\"BreadcrumbList\",\"@id\":\"https:\/\/ficha.fr\/levee-de-fonds#breadcrumb\",\"itemListElement\":[{\"@type\":\"ListItem\",\"position\":1,\"name\":\"Accueil\",\"item\":\"https:\/\/ficha.fr\/\"},{\"@type\":\"ListItem\",\"position\":2,\"name\":\"Ficha l\u00e8ve 840 000\u20ac pour acc\u00e9l\u00e9rer le tri et le recyclage\"}]},{\"@type\":\"WebSite\",\"@id\":\"https:\/\/ficha.fr\/#website\",\"url\":\"https:\/\/ficha.fr\/\",\"name\":\"Ficha\",\"description\":\"C&#039;est pas fichu!\",\"publisher\":{\"@id\":\"https:\/\/ficha.fr\/#organization\"},\"potentialAction\":[{\"@type\":\"SearchAction\",\"target\":{\"@type\":\"EntryPoint\",\"urlTemplate\":\"https:\/\/ficha.fr\/?s={search_term_string}\"},\"query-input\":{\"@type\":\"PropertyValueSpecification\",\"valueRequired\":true,\"valueName\":\"search_term_string\"}}],\"inLanguage\":\"en-GB\"},{\"@type\":\"Organization\",\"@id\":\"https:\/\/ficha.fr\/#organization\",\"name\":\"Ficha\",\"url\":\"https:\/\/ficha.fr\/\",\"logo\":{\"@type\":\"ImageObject\",\"inLanguage\":\"en-GB\",\"@id\":\"https:\/\/ficha.fr\/#\/schema\/logo\/image\/\",\"url\":\"https:\/\/ficha.fr\/wp-content\/uploads\/2021\/06\/logo_c_pas_fichu_pink.png\",\"contentUrl\":\"https:\/\/ficha.fr\/wp-content\/uploads\/2021\/06\/logo_c_pas_fichu_pink.png\",\"width\":229,\"height\":126,\"caption\":\"Ficha\"},\"image\":{\"@id\":\"https:\/\/ficha.fr\/#\/schema\/logo\/image\/\"}}]}<\/script>\n<!-- \/ Yoast SEO plugin. -->","yoast_head_json":{"title":"Fundraising: Ficha raises \u20ac840,000 to speed up sorting | Ficha","description":"Fundraising: Ficha closes its first fundraising round at \u20ac840,000 to accelerate sorting and recycling in France and Europe.","robots":{"index":"index","follow":"follow","max-snippet":"max-snippet:-1","max-image-preview":"max-image-preview:large","max-video-preview":"max-video-preview:-1"},"canonical":"https:\/\/ficha.fr\/en\/levee-de-fonds\/","og_locale":"en_GB","og_type":"article","og_title":"Lev\u00e9e de fonds : Ficha l\u00e8ve 840 000\u20ac pour acc\u00e9l\u00e9rer le tri | Ficha","og_description":"Lev\u00e9e de fonds : Ficha cl\u00f4ture sa premi\u00e8re lev\u00e9e de fonds \u00e0 840 000\u20ac pour acc\u00e9l\u00e9rer le tri et le recyclage en France et en Europe.","og_url":"https:\/\/ficha.fr\/en\/levee-de-fonds\/","og_site_name":"Ficha","article_modified_time":"2023-06-28T14:01:55+00:00","og_image":[{"url":"https:\/\/ficha.fr\/wp-content\/uploads\/2023\/04\/Hubert-Vincent-Raj-IA-Cocon.jpg","type":"","width":"","height":""}],"twitter_card":"summary_large_image","twitter_misc":{"Estimated reading time":"5 minutes"},"schema":{"@context":"https:\/\/schema.org","@graph":[{"@type":"WebPage","@id":"https:\/\/ficha.fr\/levee-de-fonds","url":"https:\/\/ficha.fr\/levee-de-fonds","name":"Fundraising: Ficha raises \u20ac840,000 to speed up sorting | Ficha","isPartOf":{"@id":"https:\/\/ficha.fr\/#website"},"primaryImageOfPage":{"@id":"https:\/\/ficha.fr\/levee-de-fonds#primaryimage"},"image":{"@id":"https:\/\/ficha.fr\/levee-de-fonds#primaryimage"},"thumbnailUrl":"https:\/\/ficha.fr\/wp-content\/uploads\/2023\/04\/Hubert-Vincent-Raj-IA-Cocon.jpg","datePublished":"2023-05-03T08:06:55+00:00","dateModified":"2023-06-28T14:01:55+00:00","description":"Fundraising: Ficha closes its first fundraising round at \u20ac840,000 to accelerate sorting and recycling in France and Europe.","breadcrumb":{"@id":"https:\/\/ficha.fr\/levee-de-fonds#breadcrumb"},"inLanguage":"en-GB","potentialAction":[{"@type":"ReadAction","target":["https:\/\/ficha.fr\/levee-de-fonds"]}]},{"@type":"ImageObject","inLanguage":"en-GB","@id":"https:\/\/ficha.fr\/levee-de-fonds#primaryimage","url":"https:\/\/ficha.fr\/wp-content\/uploads\/2023\/04\/Hubert-Vincent-Raj-IA-Cocon.jpg","contentUrl":"https:\/\/ficha.fr\/wp-content\/uploads\/2023\/04\/Hubert-Vincent-Raj-IA-Cocon.jpg"},{"@type":"BreadcrumbList","@id":"https:\/\/ficha.fr\/levee-de-fonds#breadcrumb","itemListElement":[{"@type":"ListItem","position":1,"name":"Accueil","item":"https:\/\/ficha.fr\/"},{"@type":"ListItem","position":2,"name":"Ficha l\u00e8ve 840 000\u20ac pour acc\u00e9l\u00e9rer le tri et le recyclage"}]},{"@type":"WebSite","@id":"https:\/\/ficha.fr\/#website","url":"https:\/\/ficha.fr\/","name":"File","description":"It&#039;s not over!","publisher":{"@id":"https:\/\/ficha.fr\/#organization"},"potentialAction":[{"@type":"SearchAction","target":{"@type":"EntryPoint","urlTemplate":"https:\/\/ficha.fr\/?s={search_term_string}"},"query-input":{"@type":"PropertyValueSpecification","valueRequired":true,"valueName":"search_term_string"}}],"inLanguage":"en-GB"},{"@type":"Organization","@id":"https:\/\/ficha.fr\/#organization","name":"File","url":"https:\/\/ficha.fr\/","logo":{"@type":"ImageObject","inLanguage":"en-GB","@id":"https:\/\/ficha.fr\/#\/schema\/logo\/image\/","url":"https:\/\/ficha.fr\/wp-content\/uploads\/2021\/06\/logo_c_pas_fichu_pink.png","contentUrl":"https:\/\/ficha.fr\/wp-content\/uploads\/2021\/06\/logo_c_pas_fichu_pink.png","width":229,"height":126,"caption":"Ficha"},"image":{"@id":"https:\/\/ficha.fr\/#\/schema\/logo\/image\/"}}]}},"_links":{"self":[{"href":"https:\/\/ficha.fr\/en\/wp-json\/wp\/v2\/pages\/4522","targetHints":{"allow":["GET"]}}],"collection":[{"href":"https:\/\/ficha.fr\/en\/wp-json\/wp\/v2\/pages"}],"about":[{"href":"https:\/\/ficha.fr\/en\/wp-json\/wp\/v2\/types\/page"}],"author":[{"embeddable":true,"href":"https:\/\/ficha.fr\/en\/wp-json\/wp\/v2\/users\/1"}],"replies":[{"embeddable":true,"href":"https:\/\/ficha.fr\/en\/wp-json\/wp\/v2\/comments?post=4522"}],"version-history":[{"count":67,"href":"https:\/\/ficha.fr\/en\/wp-json\/wp\/v2\/pages\/4522\/revisions"}],"predecessor-version":[{"id":4756,"href":"https:\/\/ficha.fr\/en\/wp-json\/wp\/v2\/pages\/4522\/revisions\/4756"}],"wp:attachment":[{"href":"https:\/\/ficha.fr\/en\/wp-json\/wp\/v2\/media?parent=4522"}],"curies":[{"name":"wp","href":"https:\/\/api.w.org\/{rel}","templated":true}]}}