{"id":5112,"date":"2025-09-04T10:31:57","date_gmt":"2025-09-04T10:31:57","guid":{"rendered":"https:\/\/ficha.fr\/?page_id=5112"},"modified":"2025-09-04T12:17:33","modified_gmt":"2025-09-04T12:17:33","slug":"fiche-de-rapport-sensibilisation-en-porte-a-porte","status":"publish","type":"page","link":"https:\/\/ficha.fr\/en\/fiche-de-rapport-sensibilisation-en-porte-a-porte","title":{"rendered":""},"content":{"rendered":"<div style=\"height:56px\" aria-hidden=\"true\" class=\"wp-block-spacer\"><\/div>\n\n\n\n<div style=\"height:100px\" aria-hidden=\"true\" class=\"wp-block-spacer\"><\/div>\n\n\n\n<div class=\"wp-block-columns is-layout-flex wp-container-core-columns-is-layout-9d6595d7 wp-block-columns-is-layout-flex\">\n<div class=\"wp-block-column is-vertically-aligned-center is-layout-flow wp-block-column-is-layout-flow\">\n<script src=\"https:\/\/js.hsforms.net\/forms\/embed\/8058952.js\" defer><\/script>\n<div class=\"hs-form-frame\" data-region=\"na1\" data-form-id=\"4d160553-4751-4a01-b9c0-1d55283fe563\" data-portal-id=\"8058952\"><\/div>\n<\/div>\n\n\n\n<div class=\"wp-block-column is-vertically-aligned-center is-layout-flow wp-block-column-is-layout-flow\"><div class=\"wp-block-image\">\n<figure class=\"aligncenter size-large\"><img fetchpriority=\"high\" decoding=\"async\" width=\"1024\" height=\"1024\" src=\"https:\/\/ficha.fr\/wp-content\/uploads\/2025\/09\/Banniere-fiche-de-rapport-ambassadeur-du-tri-1024x1024.png\" alt=\"Fiche de rapport Ambassadeur du tri en PDF \u2013 outil de sensibilisation porte-\u00e0-porte pour am\u00e9liorer la gestion du tri s\u00e9lectif.\" class=\"wp-image-5114\" srcset=\"https:\/\/ficha.fr\/wp-content\/uploads\/2025\/09\/Banniere-fiche-de-rapport-ambassadeur-du-tri-1024x1024.png 1024w, https:\/\/ficha.fr\/wp-content\/uploads\/2025\/09\/Banniere-fiche-de-rapport-ambassadeur-du-tri-300x300.png 300w, https:\/\/ficha.fr\/wp-content\/uploads\/2025\/09\/Banniere-fiche-de-rapport-ambassadeur-du-tri-150x150.png 150w, https:\/\/ficha.fr\/wp-content\/uploads\/2025\/09\/Banniere-fiche-de-rapport-ambassadeur-du-tri-768x768.png 768w, https:\/\/ficha.fr\/wp-content\/uploads\/2025\/09\/Banniere-fiche-de-rapport-ambassadeur-du-tri-12x12.png 12w, https:\/\/ficha.fr\/wp-content\/uploads\/2025\/09\/Banniere-fiche-de-rapport-ambassadeur-du-tri.png 1080w\" sizes=\"(max-width: 1024px) 100vw, 1024px\" \/><\/figure><\/div><\/div>\n<\/div>\n\n\n\n<p><\/p>","protected":false},"excerpt":{"rendered":"","protected":false},"author":1,"featured_media":5114,"parent":0,"menu_order":0,"comment_status":"closed","ping_status":"closed","template":"","meta":{"neve_meta_sidebar":"full-width","neve_meta_container":"","neve_meta_enable_content_width":"on","neve_meta_content_width":100,"neve_meta_title_alignment":"","neve_meta_author_avatar":"","neve_post_elements_order":"","neve_meta_disable_header":"","neve_meta_disable_footer":"","neve_meta_disable_title":"","footnotes":""},"class_list":["post-5112","page","type-page","status-publish","has-post-thumbnail","hentry"],"yoast_head":"<!-- This site is optimized with the Yoast SEO plugin v25.8 - https:\/\/yoast.com\/wordpress\/plugins\/seo\/ -->\n<title>Fiche de Rapport - Sensibilisation en porte-\u00e0-porte - Ficha<\/title>\n<meta name=\"description\" content=\"T\u00e9l\u00e9chargez gratuitement votre fiche de rapport \u201cSensibilisation en porte-\u00e0-porte\u201d pour vos ambassadeurs du tri.\" \/>\n<meta name=\"robots\" content=\"index, follow, max-snippet:-1, max-image-preview:large, max-video-preview:-1\" \/>\n<link rel=\"canonical\" href=\"https:\/\/ficha.fr\/en\/fiche-de-rapport-sensibilisation-en-porte-a-porte\/\" \/>\n<meta property=\"og:locale\" content=\"en_GB\" \/>\n<meta property=\"og:type\" content=\"article\" \/>\n<meta property=\"og:title\" content=\"Fiche de Rapport - Sensibilisation en porte-\u00e0-porte - Ficha\" \/>\n<meta property=\"og:description\" content=\"T\u00e9l\u00e9chargez gratuitement votre fiche de rapport \u201cSensibilisation en porte-\u00e0-porte\u201d pour vos ambassadeurs du tri.\" \/>\n<meta property=\"og:url\" content=\"https:\/\/ficha.fr\/en\/fiche-de-rapport-sensibilisation-en-porte-a-porte\/\" \/>\n<meta property=\"og:site_name\" content=\"Ficha\" \/>\n<meta property=\"article:modified_time\" content=\"2025-09-04T12:17:33+00:00\" \/>\n<meta property=\"og:image\" content=\"https:\/\/ficha.fr\/wp-content\/uploads\/2025\/09\/Banniere-fiche-de-rapport-ambassadeur-du-tri.png\" \/>\n\t<meta property=\"og:image:width\" content=\"1080\" \/>\n\t<meta property=\"og:image:height\" content=\"1080\" \/>\n\t<meta property=\"og:image:type\" content=\"image\/png\" \/>\n<meta name=\"twitter:card\" content=\"summary_large_image\" \/>\n<meta name=\"twitter:label1\" content=\"Estimated reading time\" \/>\n\t<meta name=\"twitter:data1\" content=\"1 minute\" \/>\n<script type=\"application\/ld+json\" class=\"yoast-schema-graph\">{\"@context\":\"https:\/\/schema.org\",\"@graph\":[{\"@type\":\"WebPage\",\"@id\":\"https:\/\/ficha.fr\/fiche-de-rapport-sensibilisation-en-porte-a-porte\",\"url\":\"https:\/\/ficha.fr\/fiche-de-rapport-sensibilisation-en-porte-a-porte\",\"name\":\"Fiche de Rapport - Sensibilisation en porte-\u00e0-porte - Ficha\",\"isPartOf\":{\"@id\":\"https:\/\/ficha.fr\/#website\"},\"primaryImageOfPage\":{\"@id\":\"https:\/\/ficha.fr\/fiche-de-rapport-sensibilisation-en-porte-a-porte#primaryimage\"},\"image\":{\"@id\":\"https:\/\/ficha.fr\/fiche-de-rapport-sensibilisation-en-porte-a-porte#primaryimage\"},\"thumbnailUrl\":\"https:\/\/ficha.fr\/wp-content\/uploads\/2025\/09\/Banniere-fiche-de-rapport-ambassadeur-du-tri.png\",\"datePublished\":\"2025-09-04T10:31:57+00:00\",\"dateModified\":\"2025-09-04T12:17:33+00:00\",\"description\":\"T\u00e9l\u00e9chargez gratuitement votre fiche de rapport \u201cSensibilisation en porte-\u00e0-porte\u201d pour vos ambassadeurs du tri.\",\"breadcrumb\":{\"@id\":\"https:\/\/ficha.fr\/fiche-de-rapport-sensibilisation-en-porte-a-porte#breadcrumb\"},\"inLanguage\":\"en-GB\",\"potentialAction\":[{\"@type\":\"ReadAction\",\"target\":[\"https:\/\/ficha.fr\/fiche-de-rapport-sensibilisation-en-porte-a-porte\"]}]},{\"@type\":\"ImageObject\",\"inLanguage\":\"en-GB\",\"@id\":\"https:\/\/ficha.fr\/fiche-de-rapport-sensibilisation-en-porte-a-porte#primaryimage\",\"url\":\"https:\/\/ficha.fr\/wp-content\/uploads\/2025\/09\/Banniere-fiche-de-rapport-ambassadeur-du-tri.png\",\"contentUrl\":\"https:\/\/ficha.fr\/wp-content\/uploads\/2025\/09\/Banniere-fiche-de-rapport-ambassadeur-du-tri.png\",\"width\":1080,\"height\":1080},{\"@type\":\"BreadcrumbList\",\"@id\":\"https:\/\/ficha.fr\/fiche-de-rapport-sensibilisation-en-porte-a-porte#breadcrumb\",\"itemListElement\":[{\"@type\":\"ListItem\",\"position\":1,\"name\":\"Accueil\",\"item\":\"https:\/\/ficha.fr\/\"},{\"@type\":\"ListItem\",\"position\":2,\"name\":\"Fiche de Rapport &#8211; Sensibilisation en porte-\u00e0-porte\"}]},{\"@type\":\"WebSite\",\"@id\":\"https:\/\/ficha.fr\/#website\",\"url\":\"https:\/\/ficha.fr\/\",\"name\":\"Ficha\",\"description\":\"C&#039;est pas fichu!\",\"publisher\":{\"@id\":\"https:\/\/ficha.fr\/#organization\"},\"potentialAction\":[{\"@type\":\"SearchAction\",\"target\":{\"@type\":\"EntryPoint\",\"urlTemplate\":\"https:\/\/ficha.fr\/?s={search_term_string}\"},\"query-input\":{\"@type\":\"PropertyValueSpecification\",\"valueRequired\":true,\"valueName\":\"search_term_string\"}}],\"inLanguage\":\"en-GB\"},{\"@type\":\"Organization\",\"@id\":\"https:\/\/ficha.fr\/#organization\",\"name\":\"Ficha\",\"url\":\"https:\/\/ficha.fr\/\",\"logo\":{\"@type\":\"ImageObject\",\"inLanguage\":\"en-GB\",\"@id\":\"https:\/\/ficha.fr\/#\/schema\/logo\/image\/\",\"url\":\"https:\/\/ficha.fr\/wp-content\/uploads\/2021\/06\/logo_c_pas_fichu_pink.png\",\"contentUrl\":\"https:\/\/ficha.fr\/wp-content\/uploads\/2021\/06\/logo_c_pas_fichu_pink.png\",\"width\":229,\"height\":126,\"caption\":\"Ficha\"},\"image\":{\"@id\":\"https:\/\/ficha.fr\/#\/schema\/logo\/image\/\"}}]}<\/script>\n<!-- \/ Yoast SEO plugin. -->","yoast_head_json":{"title":"Report Sheet - Door-to-door Awareness Campaign - Report Sheet","description":"Download your free \u201cDoor-to-door awareness\u201d report sheet for your recycling ambassadors.","robots":{"index":"index","follow":"follow","max-snippet":"max-snippet:-1","max-image-preview":"max-image-preview:large","max-video-preview":"max-video-preview:-1"},"canonical":"https:\/\/ficha.fr\/en\/fiche-de-rapport-sensibilisation-en-porte-a-porte\/","og_locale":"en_GB","og_type":"article","og_title":"Fiche de Rapport - Sensibilisation en porte-\u00e0-porte - Ficha","og_description":"T\u00e9l\u00e9chargez gratuitement votre fiche de rapport \u201cSensibilisation en porte-\u00e0-porte\u201d pour vos ambassadeurs du tri.","og_url":"https:\/\/ficha.fr\/en\/fiche-de-rapport-sensibilisation-en-porte-a-porte\/","og_site_name":"Ficha","article_modified_time":"2025-09-04T12:17:33+00:00","og_image":[{"width":1080,"height":1080,"url":"https:\/\/ficha.fr\/wp-content\/uploads\/2025\/09\/Banniere-fiche-de-rapport-ambassadeur-du-tri.png","type":"image\/png"}],"twitter_card":"summary_large_image","twitter_misc":{"Estimated reading time":"1 minute"},"schema":{"@context":"https:\/\/schema.org","@graph":[{"@type":"WebPage","@id":"https:\/\/ficha.fr\/fiche-de-rapport-sensibilisation-en-porte-a-porte","url":"https:\/\/ficha.fr\/fiche-de-rapport-sensibilisation-en-porte-a-porte","name":"Report Sheet - Door-to-door Awareness Campaign - Report Sheet","isPartOf":{"@id":"https:\/\/ficha.fr\/#website"},"primaryImageOfPage":{"@id":"https:\/\/ficha.fr\/fiche-de-rapport-sensibilisation-en-porte-a-porte#primaryimage"},"image":{"@id":"https:\/\/ficha.fr\/fiche-de-rapport-sensibilisation-en-porte-a-porte#primaryimage"},"thumbnailUrl":"https:\/\/ficha.fr\/wp-content\/uploads\/2025\/09\/Banniere-fiche-de-rapport-ambassadeur-du-tri.png","datePublished":"2025-09-04T10:31:57+00:00","dateModified":"2025-09-04T12:17:33+00:00","description":"Download your free \u201cDoor-to-door awareness\u201d report sheet for your recycling ambassadors.","breadcrumb":{"@id":"https:\/\/ficha.fr\/fiche-de-rapport-sensibilisation-en-porte-a-porte#breadcrumb"},"inLanguage":"en-GB","potentialAction":[{"@type":"ReadAction","target":["https:\/\/ficha.fr\/fiche-de-rapport-sensibilisation-en-porte-a-porte"]}]},{"@type":"ImageObject","inLanguage":"en-GB","@id":"https:\/\/ficha.fr\/fiche-de-rapport-sensibilisation-en-porte-a-porte#primaryimage","url":"https:\/\/ficha.fr\/wp-content\/uploads\/2025\/09\/Banniere-fiche-de-rapport-ambassadeur-du-tri.png","contentUrl":"https:\/\/ficha.fr\/wp-content\/uploads\/2025\/09\/Banniere-fiche-de-rapport-ambassadeur-du-tri.png","width":1080,"height":1080},{"@type":"BreadcrumbList","@id":"https:\/\/ficha.fr\/fiche-de-rapport-sensibilisation-en-porte-a-porte#breadcrumb","itemListElement":[{"@type":"ListItem","position":1,"name":"Accueil","item":"https:\/\/ficha.fr\/"},{"@type":"ListItem","position":2,"name":"Fiche de Rapport &#8211; Sensibilisation en porte-\u00e0-porte"}]},{"@type":"WebSite","@id":"https:\/\/ficha.fr\/#website","url":"https:\/\/ficha.fr\/","name":"File","description":"It&#039;s not over!","publisher":{"@id":"https:\/\/ficha.fr\/#organization"},"potentialAction":[{"@type":"SearchAction","target":{"@type":"EntryPoint","urlTemplate":"https:\/\/ficha.fr\/?s={search_term_string}"},"query-input":{"@type":"PropertyValueSpecification","valueRequired":true,"valueName":"search_term_string"}}],"inLanguage":"en-GB"},{"@type":"Organization","@id":"https:\/\/ficha.fr\/#organization","name":"File","url":"https:\/\/ficha.fr\/","logo":{"@type":"ImageObject","inLanguage":"en-GB","@id":"https:\/\/ficha.fr\/#\/schema\/logo\/image\/","url":"https:\/\/ficha.fr\/wp-content\/uploads\/2021\/06\/logo_c_pas_fichu_pink.png","contentUrl":"https:\/\/ficha.fr\/wp-content\/uploads\/2021\/06\/logo_c_pas_fichu_pink.png","width":229,"height":126,"caption":"Ficha"},"image":{"@id":"https:\/\/ficha.fr\/#\/schema\/logo\/image\/"}}]}},"_links":{"self":[{"href":"https:\/\/ficha.fr\/en\/wp-json\/wp\/v2\/pages\/5112","targetHints":{"allow":["GET"]}}],"collection":[{"href":"https:\/\/ficha.fr\/en\/wp-json\/wp\/v2\/pages"}],"about":[{"href":"https:\/\/ficha.fr\/en\/wp-json\/wp\/v2\/types\/page"}],"author":[{"embeddable":true,"href":"https:\/\/ficha.fr\/en\/wp-json\/wp\/v2\/users\/1"}],"replies":[{"embeddable":true,"href":"https:\/\/ficha.fr\/en\/wp-json\/wp\/v2\/comments?post=5112"}],"version-history":[{"count":7,"href":"https:\/\/ficha.fr\/en\/wp-json\/wp\/v2\/pages\/5112\/revisions"}],"predecessor-version":[{"id":5122,"href":"https:\/\/ficha.fr\/en\/wp-json\/wp\/v2\/pages\/5112\/revisions\/5122"}],"wp:featuredmedia":[{"embeddable":true,"href":"https:\/\/ficha.fr\/en\/wp-json\/wp\/v2\/media\/5114"}],"wp:attachment":[{"href":"https:\/\/ficha.fr\/en\/wp-json\/wp\/v2\/media?parent=5112"}],"curies":[{"name":"wp","href":"https:\/\/api.w.org\/{rel}","templated":true}]}}