{"id":4455,"date":"2023-02-28T11:16:17","date_gmt":"2023-02-28T11:16:17","guid":{"rendered":"https:\/\/ficha.fr\/?page_id=4455"},"modified":"2023-05-31T14:46:57","modified_gmt":"2023-05-31T14:46:57","slug":"mentions-legales","status":"publish","type":"page","link":"https:\/\/ficha.fr\/es\/mentions-legales","title":{"rendered":"Avisos legales"},"content":{"rendered":"<div data-elementor-type=\"wp-page\" data-elementor-id=\"4455\" class=\"elementor elementor-4455\" data-elementor-post-type=\"page\">\n\t\t\t\t<div class=\"elementor-element elementor-element-14fc876 e-flex e-con-boxed e-con e-parent\" data-id=\"14fc876\" data-element_type=\"container\">\n\t\t\t\t\t<div class=\"e-con-inner\">\n\t\t\t\t<div class=\"elementor-element elementor-element-f39e515 elementor-widget elementor-widget-heading\" data-id=\"f39e515\" data-element_type=\"widget\" data-widget_type=\"heading.default\">\n\t\t\t\t\t<h1 class=\"elementor-heading-title elementor-size-default\">Avisos legales<\/h1>\t\t\t\t<\/div>\n\t\t\t\t<div class=\"elementor-element elementor-element-b6b9eea elementor-widget elementor-widget-heading\" data-id=\"b6b9eea\" data-element_type=\"widget\" data-widget_type=\"heading.default\">\n\t\t\t\t\t<h6 class=\"elementor-heading-title elementor-size-default\">En vigor el 09\/02\/2023\u200b<\/h6>\t\t\t\t<\/div>\n\t\t\t\t\t<\/div>\n\t\t\t\t<\/div>\n\t\t<div class=\"elementor-element elementor-element-2c89c03 e-flex e-con-boxed e-con e-parent\" data-id=\"2c89c03\" data-element_type=\"container\">\n\t\t\t\t\t<div class=\"e-con-inner\">\n\t\t\t\t<div class=\"elementor-element elementor-element-a9eef00 elementor-widget elementor-widget-text-editor\" data-id=\"a9eef00\" data-element_type=\"widget\" data-widget_type=\"text-editor.default\">\n\t\t\t\t\t\t\t\t\t<div class=\"page\" title=\"P\u00e1gina 1\">\n<div class=\"layoutArea\">\n<div class=\"column\">\n<p>De conformidad con lo dispuesto en los art\u00edculos 6-III y 19 de la Ley N\u00b0 2004-575, de 21 de junio de 2004, para la Confianza en la Econom\u00eda Digital, conocida como LCEN, se pone en conocimiento de los usuarios y visitantes, en adelante el \u201d<b>Usuario<\/b>\u201c, del sitio https:\/\/ficha.fr, en adelante el \u201c\u00a0<b>Sitio<\/b>\u201c, estos avisos legales.<\/p>\n<p>La conexi\u00f3n y navegaci\u00f3n en el Sitio por parte del Usuario implica la aceptaci\u00f3n plena y sin reservas de estos avisos legales.<\/p>\n<p>Estos son accesibles en el Sitio en la secci\u00f3n \u201cAvisos legales\u201d.<\/p>\n<\/div>\n<\/div>\n<\/div>\t\t\t\t\t\t\t\t<\/div>\n\t\t\t\t<div class=\"elementor-element elementor-element-e126b31 elementor-widget elementor-widget-heading\" data-id=\"e126b31\" data-element_type=\"widget\" data-widget_type=\"heading.default\">\n\t\t\t\t\t<h3 class=\"elementor-heading-title elementor-size-default\">Art\u00edculo 1 - El editor<\/h3>\t\t\t\t<\/div>\n\t\t\t\t<div class=\"elementor-element elementor-element-9a42a5c elementor-widget elementor-widget-text-editor\" data-id=\"9a42a5c\" data-element_type=\"widget\" data-widget_type=\"text-editor.default\">\n\t\t\t\t\t\t\t\t\t<p>El Sitio es publicado por Ficha SAS con un capital de 11.160,00 euros, inscrita en el Registro Mercantil de GRENOBLE con el n\u00famero 881734800, cuya sede se encuentra en 12 rue Pierre SEMARD 38000 Grenoble,<\/p><p>Direcci\u00f3n de correo electr\u00f3nico: contact@ficha.fr.<\/p><p>N\u00famero de IVA intracomunitario: FR56881734800<\/p><p>El Director de la publicaci\u00f3n es HIPAULT Vincent en adelante \u201c<strong>Editor<\/strong>\u201d.<\/p>\t\t\t\t\t\t\t\t<\/div>\n\t\t\t\t<div class=\"elementor-element elementor-element-6c49bc7 elementor-widget elementor-widget-heading\" data-id=\"6c49bc7\" data-element_type=\"widget\" data-widget_type=\"heading.default\">\n\t\t\t\t\t<h3 class=\"elementor-heading-title elementor-size-default\">Art\u00edculo 2 - El anfitri\u00f3n<\/h3>\t\t\t\t<\/div>\n\t\t\t\t<div class=\"elementor-element elementor-element-e0f8289 elementor-widget elementor-widget-text-editor\" data-id=\"e0f8289\" data-element_type=\"widget\" data-widget_type=\"text-editor.default\">\n\t\t\t\t\t\t\t\t\tEl anfitri\u00f3n del Sitio es la empresa IONOS SARL, cuya sede se encuentra en 7 Pl. de la Gare 57200 Sarreguemines, con el n\u00famero de tel\u00e9fono: 33970808911.\t\t\t\t\t\t\t\t<\/div>\n\t\t\t\t<div class=\"elementor-element elementor-element-26adc30 elementor-widget elementor-widget-heading\" data-id=\"26adc30\" data-element_type=\"widget\" data-widget_type=\"heading.default\">\n\t\t\t\t\t<h3 class=\"elementor-heading-title elementor-size-default\">Art\u00edculo 3 - Acceso al sitio<\/h3>\t\t\t\t<\/div>\n\t\t\t\t<div class=\"elementor-element elementor-element-7df299d elementor-widget elementor-widget-text-editor\" data-id=\"7df299d\" data-element_type=\"widget\" data-widget_type=\"text-editor.default\">\n\t\t\t\t\t\t\t\t\tSe puede acceder al Sitio desde cualquier lugar, los 7 d\u00edas de la semana, las 24 horas del d\u00eda, excepto en casos de fuerza mayor, interrupci\u00f3n programada o no planificada que pueda resultar de una necesidad de mantenimiento. En caso de modificaci\u00f3n, interrupci\u00f3n o suspensi\u00f3n del Sitio, el Editor no se hace responsable.\t\t\t\t\t\t\t\t<\/div>\n\t\t\t\t<div class=\"elementor-element elementor-element-e5f6af6 elementor-widget elementor-widget-heading\" data-id=\"e5f6af6\" data-element_type=\"widget\" data-widget_type=\"heading.default\">\n\t\t\t\t\t<h3 class=\"elementor-heading-title elementor-size-default\">Art\u00edculo 4 - Recopilaci\u00f3n de datos<\/h3>\t\t\t\t<\/div>\n\t\t\t\t<div class=\"elementor-element elementor-element-50be3cb elementor-widget elementor-widget-text-editor\" data-id=\"50be3cb\" data-element_type=\"widget\" data-widget_type=\"text-editor.default\">\n\t\t\t\t\t\t\t\t\t<p>El Sitio garantiza que el Usuario recopile y procese informaci\u00f3n personal respetando la privacidad de conformidad con la Ley N\u00b0 78-17 del 6 de enero de 1978 relativa al procesamiento de datos, archivos y libertades.<\/p><p>Seg\u00fan la Ley de Protecci\u00f3n de Datos, de 6 de enero de 1978, el Usuario tiene derecho a acceder, rectificar, suprimir y oponerse a sus datos personales. El Usuario ejerce este derecho:<\/p><ul><li>por correo electr\u00f3nico a la direcci\u00f3n de correo electr\u00f3nico contact@ficha.fr<\/li><\/ul><p><br \/>Cualquier uso, reproducci\u00f3n, distribuci\u00f3n, comercializaci\u00f3n, modificaci\u00f3n total o parcial del Sitio, sin la autorizaci\u00f3n del Editor, est\u00e1 prohibido y puede dar lugar a acciones y procedimientos legales seg\u00fan lo previsto, en particular, por el C\u00f3digo de Propiedad Intelectual y el C\u00f3digo Civil.<\/p>\t\t\t\t\t\t\t\t<\/div>\n\t\t\t\t\t<\/div>\n\t\t\t\t<\/div>\n\t\t\t\t<\/div>","protected":false},"excerpt":{"rendered":"<p>Avisos legales Vigente a partir del 09\/02\/2023\u200b De conformidad con lo dispuesto en los art\u00edculos 6-III y 19 de la Ley n\u00b02004-575, de 21 de junio de 2004, de Confianza en la econom\u00eda digital, conocida como LCEN, se introduce al conocimiento de los usuarios y visitantes, en adelante el \u201cUsuario\u201d, del sitio https:\/\/ficha.fr, en adelante el \u201cSitio\u201d, en adelante avisos legales. La conexi\u00f3n\u2026&nbsp;<a href=\"https:\/\/ficha.fr\/es\/mentions-legales\" class=\"\" rel=\"bookmark\">Leer m\u00e1s &quot;<span class=\"screen-reader-text\">Avisos legales<\/span><\/a><\/p>","protected":false},"author":1,"featured_media":0,"parent":0,"menu_order":0,"comment_status":"closed","ping_status":"closed","template":"page-templates\/template-pagebuilder-full-width.php","meta":{"neve_meta_sidebar":"full-width","neve_meta_container":"","neve_meta_enable_content_width":"on","neve_meta_content_width":100,"neve_meta_title_alignment":"","neve_meta_author_avatar":"","neve_post_elements_order":"","neve_meta_disable_header":"","neve_meta_disable_footer":"","neve_meta_disable_title":"","footnotes":""},"class_list":["post-4455","page","type-page","status-publish","hentry"],"yoast_head":"<!-- This site is optimized with the Yoast SEO plugin v25.8 - https:\/\/yoast.com\/wordpress\/plugins\/seo\/ -->\n<title>Mentions l\u00e9gales - Ficha<\/title>\n<meta name=\"description\" content=\"D\u00e9couvrez les mentions l\u00e9gales du site web de Ficha.\" \/>\n<meta name=\"robots\" content=\"index, follow, max-snippet:-1, max-image-preview:large, max-video-preview:-1\" \/>\n<link rel=\"canonical\" href=\"https:\/\/ficha.fr\/es\/mentions-legales\/\" \/>\n<meta property=\"og:locale\" content=\"es_ES\" \/>\n<meta property=\"og:type\" content=\"article\" \/>\n<meta property=\"og:title\" content=\"Mentions l\u00e9gales - Ficha\" \/>\n<meta property=\"og:description\" content=\"D\u00e9couvrez les mentions l\u00e9gales du site web de Ficha.\" \/>\n<meta property=\"og:url\" content=\"https:\/\/ficha.fr\/es\/mentions-legales\/\" \/>\n<meta property=\"og:site_name\" content=\"Ficha\" \/>\n<meta property=\"article:modified_time\" content=\"2023-05-31T14:46:57+00:00\" \/>\n<meta property=\"og:image\" content=\"https:\/\/ficha.fr\/wp-content\/uploads\/2020\/08\/all_screens_blue.png\" \/>\n\t<meta property=\"og:image:width\" content=\"1366\" \/>\n\t<meta property=\"og:image:height\" content=\"768\" \/>\n\t<meta property=\"og:image:type\" content=\"image\/png\" \/>\n<meta name=\"twitter:card\" content=\"summary_large_image\" \/>\n<meta name=\"twitter:label1\" content=\"Tiempo de lectura\" \/>\n\t<meta name=\"twitter:data1\" content=\"2 minutos\" \/>\n<script type=\"application\/ld+json\" class=\"yoast-schema-graph\">{\"@context\":\"https:\/\/schema.org\",\"@graph\":[{\"@type\":\"WebPage\",\"@id\":\"https:\/\/ficha.fr\/mentions-legales\",\"url\":\"https:\/\/ficha.fr\/mentions-legales\",\"name\":\"Mentions l\u00e9gales - Ficha\",\"isPartOf\":{\"@id\":\"https:\/\/ficha.fr\/#website\"},\"datePublished\":\"2023-02-28T11:16:17+00:00\",\"dateModified\":\"2023-05-31T14:46:57+00:00\",\"description\":\"D\u00e9couvrez les mentions l\u00e9gales du site web de Ficha.\",\"breadcrumb\":{\"@id\":\"https:\/\/ficha.fr\/mentions-legales#breadcrumb\"},\"inLanguage\":\"es\",\"potentialAction\":[{\"@type\":\"ReadAction\",\"target\":[\"https:\/\/ficha.fr\/mentions-legales\"]}]},{\"@type\":\"BreadcrumbList\",\"@id\":\"https:\/\/ficha.fr\/mentions-legales#breadcrumb\",\"itemListElement\":[{\"@type\":\"ListItem\",\"position\":1,\"name\":\"Accueil\",\"item\":\"https:\/\/ficha.fr\/\"},{\"@type\":\"ListItem\",\"position\":2,\"name\":\"Mentions l\u00e9gales\"}]},{\"@type\":\"WebSite\",\"@id\":\"https:\/\/ficha.fr\/#website\",\"url\":\"https:\/\/ficha.fr\/\",\"name\":\"Ficha\",\"description\":\"C&#039;est pas fichu!\",\"publisher\":{\"@id\":\"https:\/\/ficha.fr\/#organization\"},\"potentialAction\":[{\"@type\":\"SearchAction\",\"target\":{\"@type\":\"EntryPoint\",\"urlTemplate\":\"https:\/\/ficha.fr\/?s={search_term_string}\"},\"query-input\":{\"@type\":\"PropertyValueSpecification\",\"valueRequired\":true,\"valueName\":\"search_term_string\"}}],\"inLanguage\":\"es\"},{\"@type\":\"Organization\",\"@id\":\"https:\/\/ficha.fr\/#organization\",\"name\":\"Ficha\",\"url\":\"https:\/\/ficha.fr\/\",\"logo\":{\"@type\":\"ImageObject\",\"inLanguage\":\"es\",\"@id\":\"https:\/\/ficha.fr\/#\/schema\/logo\/image\/\",\"url\":\"https:\/\/ficha.fr\/wp-content\/uploads\/2021\/06\/logo_c_pas_fichu_pink.png\",\"contentUrl\":\"https:\/\/ficha.fr\/wp-content\/uploads\/2021\/06\/logo_c_pas_fichu_pink.png\",\"width\":229,\"height\":126,\"caption\":\"Ficha\"},\"image\":{\"@id\":\"https:\/\/ficha.fr\/#\/schema\/logo\/image\/\"}}]}<\/script>\n<!-- \/ Yoast SEO plugin. -->","yoast_head_json":{"title":"Avisos legales - Ficha","description":"Descubra los avisos legales del sitio web de Ficha.","robots":{"index":"index","follow":"follow","max-snippet":"max-snippet:-1","max-image-preview":"max-image-preview:large","max-video-preview":"max-video-preview:-1"},"canonical":"https:\/\/ficha.fr\/es\/mentions-legales\/","og_locale":"es_ES","og_type":"article","og_title":"Mentions l\u00e9gales - Ficha","og_description":"D\u00e9couvrez les mentions l\u00e9gales du site web de Ficha.","og_url":"https:\/\/ficha.fr\/es\/mentions-legales\/","og_site_name":"Ficha","article_modified_time":"2023-05-31T14:46:57+00:00","og_image":[{"width":1366,"height":768,"url":"https:\/\/ficha.fr\/wp-content\/uploads\/2020\/08\/all_screens_blue.png","type":"image\/png"}],"twitter_card":"summary_large_image","twitter_misc":{"Tiempo de lectura":"2 minutos"},"schema":{"@context":"https:\/\/schema.org","@graph":[{"@type":"WebPage","@id":"https:\/\/ficha.fr\/mentions-legales","url":"https:\/\/ficha.fr\/mentions-legales","name":"Avisos legales - Ficha","isPartOf":{"@id":"https:\/\/ficha.fr\/#website"},"datePublished":"2023-02-28T11:16:17+00:00","dateModified":"2023-05-31T14:46:57+00:00","description":"Descubra los avisos legales del sitio web de Ficha.","breadcrumb":{"@id":"https:\/\/ficha.fr\/mentions-legales#breadcrumb"},"inLanguage":"es","potentialAction":[{"@type":"ReadAction","target":["https:\/\/ficha.fr\/mentions-legales"]}]},{"@type":"BreadcrumbList","@id":"https:\/\/ficha.fr\/mentions-legales#breadcrumb","itemListElement":[{"@type":"ListItem","position":1,"name":"Accueil","item":"https:\/\/ficha.fr\/"},{"@type":"ListItem","position":2,"name":"Mentions l\u00e9gales"}]},{"@type":"WebSite","@id":"https:\/\/ficha.fr\/#website","url":"https:\/\/ficha.fr\/","name":"Ficha","description":"\u00a1Esto no ha terminado!","publisher":{"@id":"https:\/\/ficha.fr\/#organization"},"potentialAction":[{"@type":"SearchAction","target":{"@type":"EntryPoint","urlTemplate":"https:\/\/ficha.fr\/?s={search_term_string}"},"query-input":{"@type":"PropertyValueSpecification","valueRequired":true,"valueName":"search_term_string"}}],"inLanguage":"es"},{"@type":"Organization","@id":"https:\/\/ficha.fr\/#organization","name":"Ficha","url":"https:\/\/ficha.fr\/","logo":{"@type":"ImageObject","inLanguage":"es","@id":"https:\/\/ficha.fr\/#\/schema\/logo\/image\/","url":"https:\/\/ficha.fr\/wp-content\/uploads\/2021\/06\/logo_c_pas_fichu_pink.png","contentUrl":"https:\/\/ficha.fr\/wp-content\/uploads\/2021\/06\/logo_c_pas_fichu_pink.png","width":229,"height":126,"caption":"Ficha"},"image":{"@id":"https:\/\/ficha.fr\/#\/schema\/logo\/image\/"}}]}},"_links":{"self":[{"href":"https:\/\/ficha.fr\/es\/wp-json\/wp\/v2\/pages\/4455","targetHints":{"allow":["GET"]}}],"collection":[{"href":"https:\/\/ficha.fr\/es\/wp-json\/wp\/v2\/pages"}],"about":[{"href":"https:\/\/ficha.fr\/es\/wp-json\/wp\/v2\/types\/page"}],"author":[{"embeddable":true,"href":"https:\/\/ficha.fr\/es\/wp-json\/wp\/v2\/users\/1"}],"replies":[{"embeddable":true,"href":"https:\/\/ficha.fr\/es\/wp-json\/wp\/v2\/comments?post=4455"}],"version-history":[{"count":11,"href":"https:\/\/ficha.fr\/es\/wp-json\/wp\/v2\/pages\/4455\/revisions"}],"predecessor-version":[{"id":4601,"href":"https:\/\/ficha.fr\/es\/wp-json\/wp\/v2\/pages\/4455\/revisions\/4601"}],"wp:attachment":[{"href":"https:\/\/ficha.fr\/es\/wp-json\/wp\/v2\/media?parent=4455"}],"curies":[{"name":"gracias","href":"https:\/\/api.w.org\/{rel}","templated":true}]}}