{"id":4522,"date":"2023-05-03T08:06:55","date_gmt":"2023-05-03T08:06:55","guid":{"rendered":"https:\/\/ficha.fr\/?page_id=4522"},"modified":"2023-06-28T14:01:55","modified_gmt":"2023-06-28T14:01:55","slug":"levee-de-fonds","status":"publish","type":"page","link":"https:\/\/ficha.fr\/es\/levee-de-fonds","title":{"rendered":"Ficha recauda 840.000\u20ac para acelerar la clasificaci\u00f3n y el reciclaje"},"content":{"rendered":"<div data-elementor-type=\"wp-page\" data-elementor-id=\"4522\" class=\"elementor elementor-4522\" data-elementor-post-type=\"page\">\n\t\t\t\t<div class=\"elementor-element elementor-element-e5d814c e-flex e-con-boxed e-con e-parent\" data-id=\"e5d814c\" data-element_type=\"container\" data-settings=\"{&quot;background_background&quot;:&quot;classic&quot;}\">\n\t\t\t\t\t<div class=\"e-con-inner\">\n\t\t<div class=\"elementor-element elementor-element-5fd72eb e-flex e-con-boxed e-con e-parent\" data-id=\"5fd72eb\" data-element_type=\"container\">\n\t\t\t\t\t<div class=\"e-con-inner\">\n\t\t\t\t<div class=\"elementor-element elementor-element-956928b elementor-widget elementor-widget-image\" data-id=\"956928b\" data-element_type=\"widget\" data-widget_type=\"image.default\">\n\t\t\t\t\t\t\t\t\t\t\t\t\t\t\t<img fetchpriority=\"high\" decoding=\"async\" width=\"875\" height=\"586\" src=\"https:\/\/ficha.fr\/wp-content\/uploads\/2023\/04\/Hubert-Vincent-Raj-IA-Cocon.jpg\" class=\"attachment-large size-large wp-image-4547\" alt=\"Hubert, Vincent, Raj et le Cocon\" srcset=\"https:\/\/ficha.fr\/wp-content\/uploads\/2023\/04\/Hubert-Vincent-Raj-IA-Cocon.jpg 875w, https:\/\/ficha.fr\/wp-content\/uploads\/2023\/04\/Hubert-Vincent-Raj-IA-Cocon-300x201.jpg 300w, https:\/\/ficha.fr\/wp-content\/uploads\/2023\/04\/Hubert-Vincent-Raj-IA-Cocon-768x514.jpg 768w\" sizes=\"(max-width: 875px) 100vw, 875px\" \/>\t\t\t\t\t\t\t\t\t\t\t\t\t\t\t<\/div>\n\t\t\t\t\t<\/div>\n\t\t\t\t<\/div>\n\t\t<div class=\"elementor-element elementor-element-d23a1d7 e-flex e-con-boxed e-con e-parent\" data-id=\"d23a1d7\" data-element_type=\"container\">\n\t\t\t\t\t<div class=\"e-con-inner\">\n\t\t\t\t<div class=\"elementor-element elementor-element-db0fef6 elementor-widget elementor-widget-heading\" data-id=\"db0fef6\" data-element_type=\"widget\" data-widget_type=\"heading.default\">\n\t\t\t\t\t<h4 class=\"elementor-heading-title elementor-size-default\">presione soltar<\/h4>\t\t\t\t<\/div>\n\t\t\t\t<div class=\"elementor-element elementor-element-e375ed1 elementor-widget elementor-widget-heading\" data-id=\"e375ed1\" data-element_type=\"widget\" data-widget_type=\"heading.default\">\n\t\t\t\t\t<h1 class=\"elementor-heading-title elementor-size-default\">Ficha cierra su primera ronda de recaudaci\u00f3n de fondos con 840.000 euros para acelerar la clasificaci\u00f3n y el reciclaje en Francia<\/h1>\t\t\t\t<\/div>\n\t\t\t\t\t<\/div>\n\t\t\t\t<\/div>\n\t\t\t\t\t<\/div>\n\t\t\t\t<\/div>\n\t\t<div class=\"elementor-element elementor-element-2382962 e-flex e-con-boxed e-con e-parent\" data-id=\"2382962\" data-element_type=\"container\">\n\t\t\t\t\t<div class=\"e-con-inner\">\n\t\t\t\t<div class=\"elementor-element elementor-element-ecc9962 elementor-widget elementor-widget-text-editor\" data-id=\"ecc9962\" data-element_type=\"widget\" data-widget_type=\"text-editor.default\">\n\t\t\t\t\t\t\t\t\t<p>Ficha, una start-up especializada en el dise\u00f1o de soluciones de caracterizaci\u00f3n de residuos basadas en inteligencia artificial, recaudar\u00e1 840.000 euros en marzo de 2023. Esta primera recaudaci\u00f3n de fondos participativa, realizada con Sowefund, marca un nuevo punto de inflexi\u00f3n para la start-up. Ha llegado el momento de la industrializaci\u00f3n de sus productos y la aceleraci\u00f3n de su comercializaci\u00f3n.<\/p>\t\t\t\t\t\t\t\t<\/div>\n\t\t\t\t<div class=\"elementor-element elementor-element-3d6efa6 elementor-widget elementor-widget-heading\" data-id=\"3d6efa6\" data-element_type=\"widget\" data-widget_type=\"heading.default\">\n\t\t\t\t\t<h2 class=\"elementor-heading-title elementor-size-default\">Una soluci\u00f3n basada en Inteligencia Artificial para la clasificaci\u00f3n de residuos<\/h2>\t\t\t\t<\/div>\n\t\t\t\t<div class=\"elementor-element elementor-element-ea7daaf elementor-widget elementor-widget-text-editor\" data-id=\"ea7daaf\" data-element_type=\"widget\" data-widget_type=\"text-editor.default\">\n\t\t\t\t\t\t\t\t\t<p>Fundada en febrero de 2020 por Vincent Hipault, Rituraj Shrivastwa y Hubert M\u00e9nard, Ficha se especializa en el dise\u00f1o de soluciones \u00f3pticas que incorporan modelos de procesamiento de im\u00e1genes. Su objetivo: caracterizar los residuos en los contenedores de clasificaci\u00f3n y en los camiones de recogida. yo<b>inteligencia artificial<\/b>, el negocio principal de la nueva empresa, opera en dos etapas clave del proceso de gesti\u00f3n de residuos. Se trata de recogida y pre-recogida, para garantizar que el tratamiento y reciclaje sean \u00f3ptimos.<\/p>\n<p>En primer lugar, Ficha aborda el problema de <b>detecci\u00f3n<\/b> Y <b>localizar errores de clasificaci\u00f3n<\/b>, gracias a un <a href=\"https:\/\/ficha.fr\/es\/camia\/\">sensor<\/a> colocados dentro de los propios camiones de basura. Al hablar directamente con las comunidades y los operadores de residuos, Ficha proporciona visibilidad y datos precisos sobre los errores de clasificaci\u00f3n.<\/p>\n<p>En segundo lugar, Ficha interviene en viviendas colectivas, donde los errores de clasificaci\u00f3n son los m\u00e1s problem\u00e1ticos. La startup desarroll\u00f3 el <a href=\"https:\/\/ficha.fr\/es\/cocon\/\">Capullo<\/a>, un sensor colocado directamente en los contenedores de clasificaci\u00f3n que analiza el<b> calidad de clasificaci\u00f3n de cada dep\u00f3sito<\/b>. Ayuda a informar a los inquilinos sobre sus errores y hace que la experiencia sea m\u00e1s divertida y alentadora, al recompensar el buen comportamiento a trav\u00e9s de la aplicaci\u00f3n. Ficha ayuda a los propietarios a mejorar la limpieza de sus viviendas y a las comunidades a optimizar la calidad y cantidad de la clasificaci\u00f3n.<\/p>\t\t\t\t\t\t\t\t<\/div>\n\t\t\t\t<div class=\"elementor-element elementor-element-96eb1d1 elementor-widget elementor-widget-image\" data-id=\"96eb1d1\" data-element_type=\"widget\" data-widget_type=\"image.default\">\n\t\t\t\t\t\t\t\t\t\t\t\t\t\t\t<img decoding=\"async\" width=\"874\" height=\"583\" src=\"https:\/\/ficha.fr\/wp-content\/uploads\/2023\/04\/Equipe-Ficha.jpg\" class=\"attachment-large size-large wp-image-4560\" alt=\"L&#039;\u00e9quipe de Ficha \u00e0 l&#039;occasion de la lev\u00e9e de fonds\" srcset=\"https:\/\/ficha.fr\/wp-content\/uploads\/2023\/04\/Equipe-Ficha.jpg 874w, https:\/\/ficha.fr\/wp-content\/uploads\/2023\/04\/Equipe-Ficha-300x200.jpg 300w, https:\/\/ficha.fr\/wp-content\/uploads\/2023\/04\/Equipe-Ficha-768x512.jpg 768w\" sizes=\"(max-width: 874px) 100vw, 874px\" \/>\t\t\t\t\t\t\t\t\t\t\t\t\t\t\t<\/div>\n\t\t\t\t<div class=\"elementor-element elementor-element-beb9c7e elementor-widget elementor-widget-heading\" data-id=\"beb9c7e\" data-element_type=\"widget\" data-widget_type=\"heading.default\">\n\t\t\t\t\t<h2 class=\"elementor-heading-title elementor-size-default\">840.000\u20ac para desarrollar el crecimiento y el mercado de la start-up<\/h2>\t\t\t\t<\/div>\n\t\t\t\t<div class=\"elementor-element elementor-element-6343115 elementor-widget elementor-widget-text-editor\" data-id=\"6343115\" data-element_type=\"widget\" data-widget_type=\"text-editor.default\">\n\t\t\t\t\t\t\t\t\t<p>Desde las primeras instalaciones en febrero de 2021, hay casi <b>10 toneladas de CO2 equivalente<\/b> ahorrados y 135.000 residuos depositados. Esto s\u00f3lo concierne <b>22 residencias<\/b> entre Par\u00eds, Lyon, Bourg-en-Bresse y Grenoble. El a\u00f1o 2022 valida el valor de las soluciones, la adquisici\u00f3n de primeros clientes y la integraci\u00f3n de la aceleradora Circular Challenge de Citeo. La nueva empresa tiene una reputaci\u00f3n cada vez mayor en el mercado de residuos. El a\u00f1o 2023 marca el comienzo de la era de <b>industrializaci\u00f3n<\/b> y de <b>la aceleraci\u00f3n de la comercializaci\u00f3n<\/b>, con tres objetivos principales:<\/p><ul><li>Desarrollar el nivel de tecnolog\u00eda de IA activa en los productos Ficha, invirtiendo en investigaci\u00f3n y desarrollo;<\/li><li>Industrializar soluciones mediante el uso de subcontratistas para acelerar la producci\u00f3n;<\/li><li>Desarrollar el mercado franc\u00e9s aumentando el n\u00famero de instalaciones de sensores capullos y camiones. El objetivo para 2023 se fija en 100 Cocoons y 30 camiones equipados.<\/li><\/ul><div>\u00a0<\/div><p>\u201c<i>Esta recaudaci\u00f3n de fondos confirma el potencial de Ficha y nos permitir\u00e1 ampliar el equipo. Nuestro objetivo es satisfacer las expectativas de nuestros socios para ayudarlos con uno de los mayores desaf\u00edos del siglo XXI: los residuos. \u00a1Es un desaf\u00edo apasionante con un equipo altamente motivado y una tecnolog\u00eda disruptiva que revolucionar\u00e1 el mercado!<\/i>\u201d, se regocija <strong>Vicente Hipault<\/strong>, Presidente de Ficha.<\/p><p><span style=\"font-weight: 400;\">Para <\/span><b>Rituraj Shrivastwa<\/b><span style=\"font-weight: 400;\">, Director T\u00e9cnico de Ficha, \u201c<i>Estos fondos se utilizar\u00e1n para acelerar el crecimiento de la empresa y ampliar su alcance en el sector de gesti\u00f3n de residuos. Esta recaudaci\u00f3n de fondos marca un nuevo cap\u00edtulo que promete ser emocionante. Destaca la creciente demanda de soluciones innovadoras de reciclaje<\/i>\u201d.<\/span><\/p>\t\t\t\t\t\t\t\t<\/div>\n\t\t\t\t<div class=\"elementor-element elementor-element-f2dfded elementor-widget elementor-widget-heading\" data-id=\"f2dfded\" data-element_type=\"widget\" data-widget_type=\"heading.default\">\n\t\t\t\t\t<h2 class=\"elementor-heading-title elementor-size-default\">Un mercado en crecimiento, prometedor para 2023<\/h2>\t\t\t\t<\/div>\n\t\t\t\t<div class=\"elementor-element elementor-element-f8dddde elementor-widget elementor-widget-text-editor\" data-id=\"f8dddde\" data-element_type=\"widget\" data-widget_type=\"text-editor.default\">\n\t\t\t\t\t\t\t\t\t<p><span style=\"font-weight: 400;\">El mercado de la caracterizaci\u00f3n de residuos est\u00e1 mostrando un gran dinamismo, tanto en Francia como en Europa. Seg\u00fan el Banco Mundial, el <a href=\"https:\/\/fr.statista.com\/infographie\/27143\/quantite-de-dechets-municipaux-generee-par-habitant-par-pays\/#:~:text=Entre%202016%20et%202050%2C%20la,70%20%25%20selon%20la%20Banque%20mondiale.&amp;text=Cette%20carte%20montre%20la%20quantit%C3%A9,et%20par%20an%2C%20en%20kg.\">producci\u00f3n de residuos<\/a> en el mundo deber\u00eda <\/span><b>aumento de 70% entre 2016 y 2050<\/b><span style=\"font-weight: 400;\">.<\/span><\/p><p><span style=\"font-weight: 400;\">En Francia, los responsables del reciclaje de residuos se enfrentan a cambios represivos en la fiscalidad. Esto los anima a revisar sus m\u00e9todos. La necesidad de dar visibilidad a los materiales recogidos y sensibilizar a los usuarios sobre las buenas pr\u00e1cticas de clasificaci\u00f3n son prioridades para las comunidades, los operadores de residuos y los propietarios.<\/span><\/p><p><span style=\"font-weight: 400;\">Se estima que el segmento de precolecci\u00f3n genera m\u00e1s de 325 millones de euros de ingresos anuales en Francia. El de la colecci\u00f3n ronda los 124 millones de euros.<\/span><\/p><p><span style=\"font-weight: 400;\">El a\u00f1o 2023 promete ser muy prometedor y lleno de novedades para la start-up de Grenoble. Se trata de preparar el terreno para su futura expansi\u00f3n. De hecho, la ambici\u00f3n de Ficha es desplegar sus sensores en el <\/span><b>Mercado europeo a partir de 2024<\/b><span style=\"font-weight: 400;\">.\u00a0<\/span><\/p><p><span style=\"font-weight: 400;\">Una startup a seguir de cerca y que demuestra cada d\u00eda que con Ficha \u00a1no se acab\u00f3!<\/span><\/p>\t\t\t\t\t\t\t\t<\/div>\n\t\t<div class=\"elementor-element elementor-element-8f3205d e-flex e-con-boxed e-con e-parent\" data-id=\"8f3205d\" data-element_type=\"container\" data-settings=\"{&quot;background_background&quot;:&quot;classic&quot;}\">\n\t\t\t\t\t<div class=\"e-con-inner\">\n\t\t\t\t<div class=\"elementor-element elementor-element-1a89f6d elementor-widget elementor-widget-heading\" data-id=\"1a89f6d\" data-element_type=\"widget\" data-widget_type=\"heading.default\">\n\t\t\t\t\t<h3 class=\"elementor-heading-title elementor-size-default\">Contactos de prensa<\/h3>\t\t\t\t<\/div>\n\t\t<div class=\"elementor-element elementor-element-0179fa9 e-flex e-con-boxed e-con e-parent\" data-id=\"0179fa9\" data-element_type=\"container\">\n\t\t\t\t\t<div class=\"e-con-inner\">\n\t\t<div class=\"elementor-element elementor-element-b724f3b e-flex e-con-boxed e-con e-parent\" data-id=\"b724f3b\" data-element_type=\"container\">\n\t\t\t\t\t<div class=\"e-con-inner\">\n\t\t\t\t<div class=\"elementor-element elementor-element-f462b57 elementor-widget elementor-widget-text-editor\" data-id=\"f462b57\" data-element_type=\"widget\" data-widget_type=\"text-editor.default\">\n\t\t\t\t\t\t\t\t\t<p><span style=\"font-size: 1.2rem; color: rgba(0,0,0,0.7);\"><strong>Hubert M\u00e9nard<\/strong><\/span><\/p><p><span style=\"font-weight: 400;\">gerente general<\/span><\/p><p><a href=\"mailto:hubert@ficha.fr\"><span style=\"font-weight: 400; color: #991155;\"><strong>hubert@ficha.fr<\/strong><\/span><\/a><\/p>\t\t\t\t\t\t\t\t<\/div>\n\t\t\t\t\t<\/div>\n\t\t\t\t<\/div>\n\t\t<div class=\"elementor-element elementor-element-3b0853e e-flex e-con-boxed e-con e-parent\" data-id=\"3b0853e\" data-element_type=\"container\">\n\t\t\t\t\t<div class=\"e-con-inner\">\n\t\t\t\t<div class=\"elementor-element elementor-element-6bfe0b0 elementor-widget elementor-widget-text-editor\" data-id=\"6bfe0b0\" data-element_type=\"widget\" data-widget_type=\"text-editor.default\">\n\t\t\t\t\t\t\t\t\t<p><span style=\"font-size: 1.2rem; color: rgba(0,0,0,0.7);\"><strong>Andrea Brochard<\/strong><\/span><\/p><p><span style=\"font-weight: 400;\">Comunicaci\u00f3n y marketing<\/span><\/p><p><a href=\"mailto:andrea@ficha.fr\"><span style=\"font-weight: 400; color: #991155;\"><strong>andrea@ficha.fr<\/strong><\/span><\/a><\/p>\t\t\t\t\t\t\t\t<\/div>\n\t\t\t\t\t<\/div>\n\t\t\t\t<\/div>\n\t\t\t\t\t<\/div>\n\t\t\t\t<\/div>\n\t\t\t\t\t<\/div>\n\t\t\t\t<\/div>\n\t\t\t\t\t<\/div>\n\t\t\t\t<\/div>\n\t\t\t\t<\/div>","protected":false},"excerpt":{"rendered":"<p>Nota de prensa Ficha cierra su primera recaudaci\u00f3n de fondos con 840.000 \u20ac para acelerar la clasificaci\u00f3n y el reciclaje en Francia Ficha, una start-up especializada en el dise\u00f1o de soluciones de caracterizaci\u00f3n de residuos basadas en inteligencia artificial, recauda 840.000 \u20ac en marzo de 2023. Esta primera recaudaci\u00f3n de fondos participativa, realizada con Sowefund, marca un nuevo punto de inflexi\u00f3n...&nbsp;<a href=\"https:\/\/ficha.fr\/es\/levee-de-fonds\" class=\"\" rel=\"bookmark\">Leer m\u00e1s &quot;<span class=\"screen-reader-text\">Ficha recauda 840.000\u20ac para acelerar la clasificaci\u00f3n y el reciclaje<\/span><\/a><\/p>","protected":false},"author":1,"featured_media":0,"parent":0,"menu_order":0,"comment_status":"closed","ping_status":"closed","template":"page-templates\/template-pagebuilder-full-width.php","meta":{"neve_meta_sidebar":"full-width","neve_meta_container":"","neve_meta_enable_content_width":"on","neve_meta_content_width":100,"neve_meta_title_alignment":"","neve_meta_author_avatar":"","neve_post_elements_order":"","neve_meta_disable_header":"","neve_meta_disable_footer":"","neve_meta_disable_title":"","footnotes":""},"class_list":["post-4522","page","type-page","status-publish","hentry"],"yoast_head":"<!-- This site is optimized with the Yoast SEO plugin v25.8 - https:\/\/yoast.com\/wordpress\/plugins\/seo\/ -->\n<title>Lev\u00e9e de fonds : Ficha l\u00e8ve 840 000\u20ac pour acc\u00e9l\u00e9rer le tri | Ficha<\/title>\n<meta name=\"description\" content=\"Lev\u00e9e de fonds : Ficha cl\u00f4ture sa premi\u00e8re lev\u00e9e de fonds \u00e0 840 000\u20ac pour acc\u00e9l\u00e9rer le tri et le recyclage en France et en Europe.\" \/>\n<meta name=\"robots\" content=\"index, follow, max-snippet:-1, max-image-preview:large, max-video-preview:-1\" \/>\n<link rel=\"canonical\" href=\"https:\/\/ficha.fr\/es\/levee-de-fonds\/\" \/>\n<meta property=\"og:locale\" content=\"es_ES\" \/>\n<meta property=\"og:type\" content=\"article\" \/>\n<meta property=\"og:title\" content=\"Lev\u00e9e de fonds : Ficha l\u00e8ve 840 000\u20ac pour acc\u00e9l\u00e9rer le tri | Ficha\" \/>\n<meta property=\"og:description\" content=\"Lev\u00e9e de fonds : Ficha cl\u00f4ture sa premi\u00e8re lev\u00e9e de fonds \u00e0 840 000\u20ac pour acc\u00e9l\u00e9rer le tri et le recyclage en France et en Europe.\" \/>\n<meta property=\"og:url\" content=\"https:\/\/ficha.fr\/es\/levee-de-fonds\/\" \/>\n<meta property=\"og:site_name\" content=\"Ficha\" \/>\n<meta property=\"article:modified_time\" content=\"2023-06-28T14:01:55+00:00\" \/>\n<meta property=\"og:image\" content=\"https:\/\/ficha.fr\/wp-content\/uploads\/2023\/04\/Hubert-Vincent-Raj-IA-Cocon.jpg\" \/>\n<meta name=\"twitter:card\" content=\"summary_large_image\" \/>\n<meta name=\"twitter:label1\" content=\"Tiempo de lectura\" \/>\n\t<meta name=\"twitter:data1\" content=\"5 minutos\" \/>\n<script type=\"application\/ld+json\" class=\"yoast-schema-graph\">{\"@context\":\"https:\/\/schema.org\",\"@graph\":[{\"@type\":\"WebPage\",\"@id\":\"https:\/\/ficha.fr\/levee-de-fonds\",\"url\":\"https:\/\/ficha.fr\/levee-de-fonds\",\"name\":\"Lev\u00e9e de fonds : Ficha l\u00e8ve 840 000\u20ac pour acc\u00e9l\u00e9rer le tri | Ficha\",\"isPartOf\":{\"@id\":\"https:\/\/ficha.fr\/#website\"},\"primaryImageOfPage\":{\"@id\":\"https:\/\/ficha.fr\/levee-de-fonds#primaryimage\"},\"image\":{\"@id\":\"https:\/\/ficha.fr\/levee-de-fonds#primaryimage\"},\"thumbnailUrl\":\"https:\/\/ficha.fr\/wp-content\/uploads\/2023\/04\/Hubert-Vincent-Raj-IA-Cocon.jpg\",\"datePublished\":\"2023-05-03T08:06:55+00:00\",\"dateModified\":\"2023-06-28T14:01:55+00:00\",\"description\":\"Lev\u00e9e de fonds : Ficha cl\u00f4ture sa premi\u00e8re lev\u00e9e de fonds \u00e0 840 000\u20ac pour acc\u00e9l\u00e9rer le tri et le recyclage en France et en Europe.\",\"breadcrumb\":{\"@id\":\"https:\/\/ficha.fr\/levee-de-fonds#breadcrumb\"},\"inLanguage\":\"es\",\"potentialAction\":[{\"@type\":\"ReadAction\",\"target\":[\"https:\/\/ficha.fr\/levee-de-fonds\"]}]},{\"@type\":\"ImageObject\",\"inLanguage\":\"es\",\"@id\":\"https:\/\/ficha.fr\/levee-de-fonds#primaryimage\",\"url\":\"https:\/\/ficha.fr\/wp-content\/uploads\/2023\/04\/Hubert-Vincent-Raj-IA-Cocon.jpg\",\"contentUrl\":\"https:\/\/ficha.fr\/wp-content\/uploads\/2023\/04\/Hubert-Vincent-Raj-IA-Cocon.jpg\"},{\"@type\":\"BreadcrumbList\",\"@id\":\"https:\/\/ficha.fr\/levee-de-fonds#breadcrumb\",\"itemListElement\":[{\"@type\":\"ListItem\",\"position\":1,\"name\":\"Accueil\",\"item\":\"https:\/\/ficha.fr\/\"},{\"@type\":\"ListItem\",\"position\":2,\"name\":\"Ficha l\u00e8ve 840 000\u20ac pour acc\u00e9l\u00e9rer le tri et le recyclage\"}]},{\"@type\":\"WebSite\",\"@id\":\"https:\/\/ficha.fr\/#website\",\"url\":\"https:\/\/ficha.fr\/\",\"name\":\"Ficha\",\"description\":\"C&#039;est pas fichu!\",\"publisher\":{\"@id\":\"https:\/\/ficha.fr\/#organization\"},\"potentialAction\":[{\"@type\":\"SearchAction\",\"target\":{\"@type\":\"EntryPoint\",\"urlTemplate\":\"https:\/\/ficha.fr\/?s={search_term_string}\"},\"query-input\":{\"@type\":\"PropertyValueSpecification\",\"valueRequired\":true,\"valueName\":\"search_term_string\"}}],\"inLanguage\":\"es\"},{\"@type\":\"Organization\",\"@id\":\"https:\/\/ficha.fr\/#organization\",\"name\":\"Ficha\",\"url\":\"https:\/\/ficha.fr\/\",\"logo\":{\"@type\":\"ImageObject\",\"inLanguage\":\"es\",\"@id\":\"https:\/\/ficha.fr\/#\/schema\/logo\/image\/\",\"url\":\"https:\/\/ficha.fr\/wp-content\/uploads\/2021\/06\/logo_c_pas_fichu_pink.png\",\"contentUrl\":\"https:\/\/ficha.fr\/wp-content\/uploads\/2021\/06\/logo_c_pas_fichu_pink.png\",\"width\":229,\"height\":126,\"caption\":\"Ficha\"},\"image\":{\"@id\":\"https:\/\/ficha.fr\/#\/schema\/logo\/image\/\"}}]}<\/script>\n<!-- \/ Yoast SEO plugin. -->","yoast_head_json":{"title":"Recaudaci\u00f3n de fondos: Ficha recauda 840.000 \u20ac para acelerar la clasificaci\u00f3n | Ficha","description":"Recaudaci\u00f3n de fondos: Ficha cierra su primera ronda de recaudaci\u00f3n de fondos por 840.000 euros para acelerar la clasificaci\u00f3n y el reciclaje en Francia y Europa.","robots":{"index":"index","follow":"follow","max-snippet":"max-snippet:-1","max-image-preview":"max-image-preview:large","max-video-preview":"max-video-preview:-1"},"canonical":"https:\/\/ficha.fr\/es\/levee-de-fonds\/","og_locale":"es_ES","og_type":"article","og_title":"Lev\u00e9e de fonds : Ficha l\u00e8ve 840 000\u20ac pour acc\u00e9l\u00e9rer le tri | Ficha","og_description":"Lev\u00e9e de fonds : Ficha cl\u00f4ture sa premi\u00e8re lev\u00e9e de fonds \u00e0 840 000\u20ac pour acc\u00e9l\u00e9rer le tri et le recyclage en France et en Europe.","og_url":"https:\/\/ficha.fr\/es\/levee-de-fonds\/","og_site_name":"Ficha","article_modified_time":"2023-06-28T14:01:55+00:00","og_image":[{"url":"https:\/\/ficha.fr\/wp-content\/uploads\/2023\/04\/Hubert-Vincent-Raj-IA-Cocon.jpg","type":"","width":"","height":""}],"twitter_card":"summary_large_image","twitter_misc":{"Tiempo de lectura":"5 minutos"},"schema":{"@context":"https:\/\/schema.org","@graph":[{"@type":"WebPage","@id":"https:\/\/ficha.fr\/levee-de-fonds","url":"https:\/\/ficha.fr\/levee-de-fonds","name":"Recaudaci\u00f3n de fondos: Ficha recauda 840.000 \u20ac para acelerar la clasificaci\u00f3n | Ficha","isPartOf":{"@id":"https:\/\/ficha.fr\/#website"},"primaryImageOfPage":{"@id":"https:\/\/ficha.fr\/levee-de-fonds#primaryimage"},"image":{"@id":"https:\/\/ficha.fr\/levee-de-fonds#primaryimage"},"thumbnailUrl":"https:\/\/ficha.fr\/wp-content\/uploads\/2023\/04\/Hubert-Vincent-Raj-IA-Cocon.jpg","datePublished":"2023-05-03T08:06:55+00:00","dateModified":"2023-06-28T14:01:55+00:00","description":"Recaudaci\u00f3n de fondos: Ficha cierra su primera ronda de recaudaci\u00f3n de fondos por 840.000 euros para acelerar la clasificaci\u00f3n y el reciclaje en Francia y Europa.","breadcrumb":{"@id":"https:\/\/ficha.fr\/levee-de-fonds#breadcrumb"},"inLanguage":"es","potentialAction":[{"@type":"ReadAction","target":["https:\/\/ficha.fr\/levee-de-fonds"]}]},{"@type":"ImageObject","inLanguage":"es","@id":"https:\/\/ficha.fr\/levee-de-fonds#primaryimage","url":"https:\/\/ficha.fr\/wp-content\/uploads\/2023\/04\/Hubert-Vincent-Raj-IA-Cocon.jpg","contentUrl":"https:\/\/ficha.fr\/wp-content\/uploads\/2023\/04\/Hubert-Vincent-Raj-IA-Cocon.jpg"},{"@type":"BreadcrumbList","@id":"https:\/\/ficha.fr\/levee-de-fonds#breadcrumb","itemListElement":[{"@type":"ListItem","position":1,"name":"Accueil","item":"https:\/\/ficha.fr\/"},{"@type":"ListItem","position":2,"name":"Ficha l\u00e8ve 840 000\u20ac pour acc\u00e9l\u00e9rer le tri et le recyclage"}]},{"@type":"WebSite","@id":"https:\/\/ficha.fr\/#website","url":"https:\/\/ficha.fr\/","name":"Ficha","description":"\u00a1Esto no ha terminado!","publisher":{"@id":"https:\/\/ficha.fr\/#organization"},"potentialAction":[{"@type":"SearchAction","target":{"@type":"EntryPoint","urlTemplate":"https:\/\/ficha.fr\/?s={search_term_string}"},"query-input":{"@type":"PropertyValueSpecification","valueRequired":true,"valueName":"search_term_string"}}],"inLanguage":"es"},{"@type":"Organization","@id":"https:\/\/ficha.fr\/#organization","name":"Ficha","url":"https:\/\/ficha.fr\/","logo":{"@type":"ImageObject","inLanguage":"es","@id":"https:\/\/ficha.fr\/#\/schema\/logo\/image\/","url":"https:\/\/ficha.fr\/wp-content\/uploads\/2021\/06\/logo_c_pas_fichu_pink.png","contentUrl":"https:\/\/ficha.fr\/wp-content\/uploads\/2021\/06\/logo_c_pas_fichu_pink.png","width":229,"height":126,"caption":"Ficha"},"image":{"@id":"https:\/\/ficha.fr\/#\/schema\/logo\/image\/"}}]}},"_links":{"self":[{"href":"https:\/\/ficha.fr\/es\/wp-json\/wp\/v2\/pages\/4522","targetHints":{"allow":["GET"]}}],"collection":[{"href":"https:\/\/ficha.fr\/es\/wp-json\/wp\/v2\/pages"}],"about":[{"href":"https:\/\/ficha.fr\/es\/wp-json\/wp\/v2\/types\/page"}],"author":[{"embeddable":true,"href":"https:\/\/ficha.fr\/es\/wp-json\/wp\/v2\/users\/1"}],"replies":[{"embeddable":true,"href":"https:\/\/ficha.fr\/es\/wp-json\/wp\/v2\/comments?post=4522"}],"version-history":[{"count":67,"href":"https:\/\/ficha.fr\/es\/wp-json\/wp\/v2\/pages\/4522\/revisions"}],"predecessor-version":[{"id":4756,"href":"https:\/\/ficha.fr\/es\/wp-json\/wp\/v2\/pages\/4522\/revisions\/4756"}],"wp:attachment":[{"href":"https:\/\/ficha.fr\/es\/wp-json\/wp\/v2\/media?parent=4522"}],"curies":[{"name":"gracias","href":"https:\/\/api.w.org\/{rel}","templated":true}]}}