{"id":4613,"date":"2023-06-22T10:23:29","date_gmt":"2023-06-22T10:23:29","guid":{"rendered":"https:\/\/ficha.fr\/?page_id=4613"},"modified":"2023-06-28T12:32:19","modified_gmt":"2023-06-28T12:32:19","slug":"cas-usage","status":"publish","type":"page","link":"https:\/\/ficha.fr\/es\/cas-usage","title":{"rendered":"Casos de uso"},"content":{"rendered":"<div data-elementor-type=\"wp-page\" data-elementor-id=\"4613\" class=\"elementor elementor-4613\" data-elementor-post-type=\"page\">\n\t\t\t\t<div class=\"elementor-element elementor-element-0e938e2 e-flex e-con-boxed e-con e-parent\" data-id=\"0e938e2\" data-element_type=\"container\">\n\t\t\t\t\t<div class=\"e-con-inner\">\n\t\t<div class=\"elementor-element elementor-element-c5ac6f0 e-con-full e-flex e-con e-parent\" data-id=\"c5ac6f0\" data-element_type=\"container\">\n\t\t\t\t<div class=\"elementor-element elementor-element-087f4fc elementor-widget__width-auto elementor-absolute elementor-widget elementor-widget-spacer\" data-id=\"087f4fc\" data-element_type=\"widget\" data-settings=\"{&quot;_position&quot;:&quot;absolute&quot;}\" data-widget_type=\"spacer.default\">\n\t\t\t\t\t\t\t<div class=\"elementor-spacer\">\n\t\t\t<div class=\"elementor-spacer-inner\"><\/div>\n\t\t<\/div>\n\t\t\t\t\t\t<\/div>\n\t\t<div class=\"elementor-element elementor-element-a1fde97 e-con-full e-flex e-con e-parent\" data-id=\"a1fde97\" data-element_type=\"container\">\n\t\t<div class=\"elementor-element elementor-element-5ce79ec e-con-full e-flex e-con e-parent\" data-id=\"5ce79ec\" data-element_type=\"container\" data-settings=\"{&quot;background_background&quot;:&quot;classic&quot;}\">\n\t\t\t\t<div class=\"elementor-element elementor-element-01969da elementor-widget elementor-widget-heading\" data-id=\"01969da\" data-element_type=\"widget\" data-widget_type=\"heading.default\">\n\t\t\t\t\t<h1 class=\"elementor-heading-title elementor-size-default\">\u00bfQui\u00e9n mejor que nuestros clientes para cont\u00e1rtelo?<\/h1>\t\t\t\t<\/div>\n\t\t\t\t<div class=\"elementor-element elementor-element-07f1e6d elementor-widget elementor-widget-text-editor\" data-id=\"07f1e6d\" data-element_type=\"widget\" data-widget_type=\"text-editor.default\">\n\t\t\t\t\t\t\t\t\t<p>Descubra los testimonios y casos de uso de nuestros clientes, y c\u00f3mo los productos Ficha les han permitido mejorar la gesti\u00f3n y gesti\u00f3n de sus residuos.<\/p>\t\t\t\t\t\t\t\t<\/div>\n\t\t\t\t<\/div>\n\t\t<div class=\"elementor-element elementor-element-da29cf9 e-con-full e-flex e-con e-parent\" data-id=\"da29cf9\" data-element_type=\"container\">\n\t\t\t\t<div class=\"elementor-element elementor-element-9355821 elementor-align-center elementor-widget elementor-widget-lottie\" data-id=\"9355821\" data-element_type=\"widget\" data-settings=\"{&quot;source&quot;:&quot;external_url&quot;,&quot;source_external_url&quot;:{&quot;url&quot;:&quot;https:\\\/\\\/assets8.lottiefiles.com\\\/private_files\\\/lf30_s2njkgde.json&quot;,&quot;is_external&quot;:&quot;&quot;,&quot;nofollow&quot;:&quot;&quot;,&quot;custom_attributes&quot;:&quot;&quot;},&quot;loop&quot;:&quot;yes&quot;,&quot;link_to&quot;:&quot;none&quot;,&quot;trigger&quot;:&quot;arriving_to_viewport&quot;,&quot;viewport&quot;:{&quot;unit&quot;:&quot;%&quot;,&quot;size&quot;:&quot;&quot;,&quot;sizes&quot;:{&quot;start&quot;:0,&quot;end&quot;:100}},&quot;play_speed&quot;:{&quot;unit&quot;:&quot;px&quot;,&quot;size&quot;:1,&quot;sizes&quot;:[]},&quot;start_point&quot;:{&quot;unit&quot;:&quot;%&quot;,&quot;size&quot;:0,&quot;sizes&quot;:[]},&quot;end_point&quot;:{&quot;unit&quot;:&quot;%&quot;,&quot;size&quot;:100,&quot;sizes&quot;:[]},&quot;renderer&quot;:&quot;svg&quot;}\" data-widget_type=\"lottie.default\">\n\t\t\t\t\t<div class=\"e-lottie__container\"><div class=\"e-lottie__animation\"><\/div><\/div>\t\t\t\t<\/div>\n\t\t\t\t<\/div>\n\t\t\t\t<\/div>\n\t\t\t\t<\/div>\n\t\t\t\t\t<\/div>\n\t\t\t\t<\/div>\n\t\t<div class=\"elementor-element elementor-element-303fa64 elementor-hidden-mobile e-flex e-con-boxed e-con e-parent\" data-id=\"303fa64\" data-element_type=\"container\">\n\t\t\t\t\t<div class=\"e-con-inner\">\n\t\t<div class=\"elementor-element elementor-element-7731670 e-con-full e-flex e-con e-parent\" data-id=\"7731670\" data-element_type=\"container\">\n\t\t\t\t<div class=\"elementor-element elementor-element-314f50a elementor-widget__width-auto elementor-absolute elementor-widget elementor-widget-spacer\" data-id=\"314f50a\" data-element_type=\"widget\" data-settings=\"{&quot;_position&quot;:&quot;absolute&quot;}\" data-widget_type=\"spacer.default\">\n\t\t\t\t\t\t\t<div class=\"elementor-spacer\">\n\t\t\t<div class=\"elementor-spacer-inner\"><\/div>\n\t\t<\/div>\n\t\t\t\t\t\t<\/div>\n\t\t\t\t<div class=\"elementor-element elementor-element-c70e270 elementor-widget__width-auto elementor-absolute elementor-widget elementor-widget-spacer\" data-id=\"c70e270\" data-element_type=\"widget\" data-settings=\"{&quot;_position&quot;:&quot;absolute&quot;}\" data-widget_type=\"spacer.default\">\n\t\t\t\t\t\t\t<div class=\"elementor-spacer\">\n\t\t\t<div class=\"elementor-spacer-inner\"><\/div>\n\t\t<\/div>\n\t\t\t\t\t\t<\/div>\n\t\t\t\t<\/div>\n\t\t\t\t\t<\/div>\n\t\t\t\t<\/div>\n\t\t<div class=\"elementor-element elementor-element-187d8db elementor-hidden-desktop elementor-hidden-tablet e-flex e-con-boxed e-con e-parent\" data-id=\"187d8db\" data-element_type=\"container\">\n\t\t\t\t\t<div class=\"e-con-inner\">\n\t\t<div class=\"elementor-element elementor-element-51b0c5b e-con-full e-flex e-con e-parent\" data-id=\"51b0c5b\" data-element_type=\"container\">\n\t\t\t\t<div class=\"elementor-element elementor-element-0f2d2f4 elementor-widget__width-auto elementor-absolute elementor-widget elementor-widget-spacer\" data-id=\"0f2d2f4\" data-element_type=\"widget\" data-settings=\"{&quot;_position&quot;:&quot;absolute&quot;}\" data-widget_type=\"spacer.default\">\n\t\t\t\t\t\t\t<div class=\"elementor-spacer\">\n\t\t\t<div class=\"elementor-spacer-inner\"><\/div>\n\t\t<\/div>\n\t\t\t\t\t\t<\/div>\n\t\t\t\t<\/div>\n\t\t\t\t\t<\/div>\n\t\t\t\t<\/div>\n\t\t<div class=\"elementor-element elementor-element-a3d1684 e-flex e-con-boxed e-con e-parent\" data-id=\"a3d1684\" data-element_type=\"container\">\n\t\t\t\t\t<div class=\"e-con-inner\">\n\t\t<div class=\"elementor-element elementor-element-fc60936 e-con-full e-flex e-con e-parent\" data-id=\"fc60936\" data-element_type=\"container\">\n\t\t\t\t<div class=\"elementor-element elementor-element-3766830 elementor-widget__width-auto elementor-absolute elementor-widget elementor-widget-spacer\" data-id=\"3766830\" data-element_type=\"widget\" data-settings=\"{&quot;_position&quot;:&quot;absolute&quot;}\" data-widget_type=\"spacer.default\">\n\t\t\t\t\t\t\t<div class=\"elementor-spacer\">\n\t\t\t<div class=\"elementor-spacer-inner\"><\/div>\n\t\t<\/div>\n\t\t\t\t\t\t<\/div>\n\t\t\t\t<div class=\"elementor-element elementor-element-aa109b2 elementor-widget elementor-widget-heading\" data-id=\"aa109b2\" data-element_type=\"widget\" data-widget_type=\"heading.default\">\n\t\t\t\t\t<h2 class=\"elementor-heading-title elementor-size-default\">Dynacit\u00e9, un propietario social comprometido<\/h2>\t\t\t\t<\/div>\n\t\t\t\t<div class=\"elementor-element elementor-element-0e21e21 elementor-widget elementor-widget-text-editor\" data-id=\"0e21e21\" data-element_type=\"widget\" data-widget_type=\"text-editor.default\">\n\t\t\t\t\t\t\t\t\t<p><strong>S\u00e9bastien Petit<\/strong>, gerente de marketing e innovaci\u00f3n social, <strong>Kais Belhout<\/strong>, gerente de desarrollo sostenible y social, y <strong>Franck Baratin<\/strong>, administrador del edificio, te cuentan su experiencia con la Ficha Cocon en <a href=\"https:\/\/www.dynacite.fr\/\">Dinamismo<\/a>.<\/p><p>Implementado desde principios de 2022 en el distrito prioritario de la ciudad de Verch\u00e8res en Vaulx-en-Velin, el 4 (pr\u00f3ximamente 6) <a href=\"https:\/\/ficha.fr\/es\/cocon\/\">capullos<\/a> Ficha se gan\u00f3 a los inquilinos y al propietario social. Con una calidad de clasificaci\u00f3n de 98%, Dynacit\u00e9 ha podido mejorar el entorno de vida de sus inquilinos y su rendimiento en la clasificaci\u00f3n de residuos con nuestro sistema divertido y digital.<\/p><p>A trav\u00e9s de este caso de uso, descubra sus testimonios y sus experiencias con la implementaci\u00f3n de Ficha Cocoons en sus residencias.<\/p>\t\t\t\t\t\t\t\t<\/div>\n\t\t\t\t<\/div>\n\t\t\t\t\t<\/div>\n\t\t\t\t<\/div>\n\t\t<div class=\"elementor-element elementor-element-7d51f5b e-flex e-con-boxed e-con e-parent\" data-id=\"7d51f5b\" data-element_type=\"container\">\n\t\t\t\t\t<div class=\"e-con-inner\">\n\t\t<div class=\"elementor-element elementor-element-bdc5918 e-con-full e-flex e-con e-parent\" data-id=\"bdc5918\" data-element_type=\"container\">\n\t\t\t\t<div class=\"elementor-element elementor-element-850af04 elementor-widget__width-auto elementor-absolute elementor-hidden-mobile elementor-widget elementor-widget-spacer\" data-id=\"850af04\" data-element_type=\"widget\" data-settings=\"{&quot;_position&quot;:&quot;absolute&quot;}\" data-widget_type=\"spacer.default\">\n\t\t\t\t\t\t\t<div class=\"elementor-spacer\">\n\t\t\t<div class=\"elementor-spacer-inner\"><\/div>\n\t\t<\/div>\n\t\t\t\t\t\t<\/div>\n\t\t\t\t<div class=\"elementor-element elementor-element-43f05fd elementor-widget__width-auto elementor-absolute elementor-widget elementor-widget-spacer\" data-id=\"43f05fd\" data-element_type=\"widget\" data-settings=\"{&quot;_position&quot;:&quot;absolute&quot;}\" data-widget_type=\"spacer.default\">\n\t\t\t\t\t\t\t<div class=\"elementor-spacer\">\n\t\t\t<div class=\"elementor-spacer-inner\"><\/div>\n\t\t<\/div>\n\t\t\t\t\t\t<\/div>\n\t\t\t\t<div class=\"elementor-element elementor-element-499841c elementor-widget elementor-widget-video\" data-id=\"499841c\" data-element_type=\"widget\" data-settings=\"{&quot;youtube_url&quot;:&quot;https:\\\/\\\/www.youtube.com\\\/watch?v=b5LvxFMVYpw&quot;,&quot;video_type&quot;:&quot;youtube&quot;,&quot;controls&quot;:&quot;yes&quot;}\" data-widget_type=\"video.default\">\n\t\t\t\t\t\t\t<div class=\"elementor-wrapper elementor-open-inline\">\n\t\t\t<div class=\"elementor-video\"><\/div>\t\t<\/div>\n\t\t\t\t\t\t<\/div>\n\t\t\t\t<\/div>\n\t\t\t\t\t<\/div>\n\t\t\t\t<\/div>\n\t\t<div class=\"elementor-element elementor-element-6ecd04e e-flex e-con-boxed e-con e-parent\" data-id=\"6ecd04e\" data-element_type=\"container\">\n\t\t\t\t\t<div class=\"e-con-inner\">\n\t\t<div class=\"elementor-element elementor-element-1adfb4e e-con-full e-flex e-con e-parent\" data-id=\"1adfb4e\" data-element_type=\"container\">\n\t\t\t\t<div class=\"elementor-element elementor-element-3ac4dbe elementor-widget__width-auto elementor-absolute elementor-widget elementor-widget-spacer\" data-id=\"3ac4dbe\" data-element_type=\"widget\" data-settings=\"{&quot;_position&quot;:&quot;absolute&quot;}\" data-widget_type=\"spacer.default\">\n\t\t\t\t\t\t\t<div class=\"elementor-spacer\">\n\t\t\t<div class=\"elementor-spacer-inner\"><\/div>\n\t\t<\/div>\n\t\t\t\t\t\t<\/div>\n\t\t\t\t<div class=\"elementor-element elementor-element-a0bba35 elementor-widget elementor-widget-text-editor\" data-id=\"a0bba35\" data-element_type=\"widget\" data-widget_type=\"text-editor.default\">\n\t\t\t\t\t\t\t\t\t<p>Para obtener m\u00e1s informaci\u00f3n sobre las necesidades de Dynacit\u00e9 y c\u00f3mo Ficha los apoya en su gesti\u00f3n de residuos, descargue el caso de uso completo aqu\u00ed. \u00a1Te deseo una buena lectura!<\/p>\t\t\t\t\t\t\t\t<\/div>\n\t\t\t\t<div class=\"elementor-element elementor-element-4244b22 elementor-tablet-button-align-stretch elementor-button-align-stretch elementor-widget elementor-widget-form\" data-id=\"4244b22\" data-element_type=\"widget\" data-settings=\"{&quot;step_next_label&quot;:&quot;Suivant&quot;,&quot;step_previous_label&quot;:&quot;Pr\\u00e9c\\u00e9dent&quot;,&quot;button_width_tablet&quot;:&quot;100&quot;,&quot;button_width&quot;:&quot;100&quot;,&quot;step_type&quot;:&quot;number_text&quot;,&quot;step_icon_shape&quot;:&quot;circle&quot;}\" data-widget_type=\"form.default\">\n\t\t\t\t\t\t\t<form class=\"elementor-form\" method=\"post\" name=\"Nouveau formulaire\" aria-label=\"Nueva forma\" action=\"\">\n\t\t\t<input type=\"hidden\" name=\"post_id\" value=\"4613\"\/>\n\t\t\t<input type=\"hidden\" name=\"form_id\" value=\"4244b22\"\/>\n\t\t\t<input type=\"hidden\" name=\"referer_title\" value=\"Cas d&#039;usage : Nos clients vous en parlent | Ficha\" \/>\n\n\t\t\t\t\t\t\t<input type=\"hidden\" name=\"queried_id\" value=\"4613\"\/>\n\t\t\t\n\t\t\t<div class=\"elementor-form-fields-wrapper elementor-labels-\">\n\t\t\t\t\t\t\t\t<div class=\"elementor-field-type-text elementor-field-group elementor-column elementor-field-group-name elementor-col-50 elementor-field-required\">\n\t\t\t\t\t\t\t\t\t\t\t\t<label for=\"form-field-name\" class=\"elementor-field-label elementor-screen-only\">\n\t\t\t\t\t\t\t\tNombre\t\t\t\t\t\t\t<\/label>\n\t\t\t\t\t\t\t\t\t\t\t\t\t\t<input size=\"1\" type=\"text\" name=\"form_fields[name]\" id=\"form-field-name\" class=\"elementor-field elementor-size-md  elementor-field-textual\" placeholder=\"Nombre \/ Nombre\" required=\"required\">\n\t\t\t\t\t\t\t\t\t\t\t<\/div>\n\t\t\t\t\t\t\t\t<div class=\"elementor-field-type-text elementor-field-group elementor-column elementor-field-group-field_8e2f97e elementor-col-50 elementor-field-required\">\n\t\t\t\t\t\t\t\t\t\t\t\t<label for=\"form-field-field_8e2f97e\" class=\"elementor-field-label elementor-screen-only\">\n\t\t\t\t\t\t\t\tEmpresa\t\t\t\t\t\t\t<\/label>\n\t\t\t\t\t\t\t\t\t\t\t\t\t\t<input size=\"1\" type=\"text\" name=\"form_fields[field_8e2f97e]\" id=\"form-field-field_8e2f97e\" class=\"elementor-field elementor-size-md  elementor-field-textual\" placeholder=\"Empresa\" required=\"required\">\n\t\t\t\t\t\t\t\t\t\t\t<\/div>\n\t\t\t\t\t\t\t\t<div class=\"elementor-field-type-email elementor-field-group elementor-column elementor-field-group-email elementor-col-50 elementor-field-required\">\n\t\t\t\t\t\t\t\t\t\t\t\t<label for=\"form-field-email\" class=\"elementor-field-label elementor-screen-only\">\n\t\t\t\t\t\t\t\tCorreo electr\u00f3nico\t\t\t\t\t\t\t<\/label>\n\t\t\t\t\t\t\t\t\t\t\t\t\t\t<input size=\"1\" type=\"email\" name=\"form_fields[email]\" id=\"form-field-email\" class=\"elementor-field elementor-size-md  elementor-field-textual\" placeholder=\"Correo electr\u00f3nico\" required=\"required\">\n\t\t\t\t\t\t\t\t\t\t\t<\/div>\n\t\t\t\t\t\t\t\t<div class=\"elementor-field-type-tel elementor-field-group elementor-column elementor-field-group-field_004eb4c elementor-col-50 elementor-field-required\">\n\t\t\t\t\t\t\t\t\t\t\t\t<label for=\"form-field-field_004eb4c\" class=\"elementor-field-label elementor-screen-only\">\n\t\t\t\t\t\t\t\tSemejante\t\t\t\t\t\t\t<\/label>\n\t\t\t\t\t\t\t\t<input size=\"1\" type=\"tel\" name=\"form_fields[field_004eb4c]\" id=\"form-field-field_004eb4c\" class=\"elementor-field elementor-size-md  elementor-field-textual\" placeholder=\"Semejante.\" required=\"required\" pattern=\"[0-9()#&amp;+*-=.]+\" title=\"Only numbers and phone characters (#, -, *, etc) are accepted.\" data-no-translation-title=\"\">\n\n\t\t\t\t\t\t<\/div>\n\t\t\t\t\t\t\t\t<div class=\"elementor-field-type-recaptcha_v3 elementor-field-group elementor-column elementor-field-group-field_14d4bec elementor-col-100 recaptcha_v3-inline\">\n\t\t\t\t\t<div class=\"elementor-field\" id=\"form-field-field_14d4bec\"><div class=\"elementor-g-recaptcha\" data-sitekey=\"6Lf2s8UeAAAAAATp2j8U3qWWK6gWW16-U8p2P3jb\" data-type=\"v3\" data-action=\"Form\" data-badge=\"inline\" data-size=\"invisible\"><\/div><\/div>\t\t\t\t<\/div>\n\t\t\t\t\t\t\t\t<div class=\"elementor-field-group elementor-column elementor-field-type-submit elementor-col-100 e-form__buttons elementor-md-100\">\n\t\t\t\t\t<button class=\"elementor-button elementor-size-sm\" type=\"submit\" id=\"contact-form-send-button\">\n\t\t\t\t\t\t<span class=\"elementor-button-content-wrapper\">\n\t\t\t\t\t\t\t\t\t\t\t\t\t\t\t<span class=\"elementor-button-icon\">\n\t\t\t\t\t\t\t\t\t<svg aria-hidden=\"true\" class=\"e-font-icon-svg e-fas-download\" viewbox=\"0 0 512 512\" xmlns=\"http:\/\/www.w3.org\/2000\/svg\"><path d=\"M216 0h80c13.3 0 24 10.7 24 24v168h87.7c17.8 0 26.7 21.5 14.1 34.1L269.7 378.3c-7.5 7.5-19.8 7.5-27.3 0L90.1 226.1c-12.6-12.6-3.7-34.1 14.1-34.1H192V24c0-13.3 10.7-24 24-24zm296 376v112c0 13.3-10.7 24-24 24H24c-13.3 0-24-10.7-24-24V376c0-13.3 10.7-24 24-24h146.7l49 49c20.1 20.1 52.5 20.1 72.6 0l49-49H488c13.3 0 24 10.7 24 24zm-124 88c0-11-9-20-20-20s-20 9-20 20 9 20 20 20 20-9 20-20zm64 0c0-11-9-20-20-20s-20 9-20 20 9 20 20 20 20-9 20-20z\"><\/path><\/svg>\t\t\t\t\t\t\t\t\t\t\t\t\t\t\t\t\t<\/span>\n\t\t\t\t\t\t\t\t\t\t\t\t\t\t\t\t\t\t\t\t\t\t<span class=\"elementor-button-text\">\u00a1Estoy descargando el estudio de caso completo!<\/span>\n\t\t\t\t\t\t\t\t\t\t\t\t\t<\/span>\n\t\t\t\t\t<\/button>\n\t\t\t\t<\/div>\n\t\t\t<\/div>\n\t\t<input type=\"hidden\" name=\"trp-form-language\" value=\"es\"\/><\/form>\n\t\t\t\t\t\t<\/div>\n\t\t\t\t<\/div>\n\t\t\t\t\t<\/div>\n\t\t\t\t<\/div>\n\t\t\t\t<\/div>","protected":false},"excerpt":{"rendered":"<p>\u00bfQui\u00e9n mejor que nuestros clientes para cont\u00e1rtelo? Descubra los testimonios y casos de uso de nuestros clientes, y c\u00f3mo los productos Ficha les han permitido mejorar la gesti\u00f3n y gesti\u00f3n de sus residuos. Dynacit\u00e9, un propietario social comprometido S\u00e9bastien Petit, director de marketing e innovaci\u00f3n social, Ka\u00efs Belhout, director de desarrollo social y sostenible,\u2026&nbsp;<a href=\"https:\/\/ficha.fr\/es\/cas-usage\" class=\"\" rel=\"bookmark\">Leer m\u00e1s &quot;<span class=\"screen-reader-text\">Casos de uso<\/span><\/a><\/p>","protected":false},"author":1,"featured_media":0,"parent":0,"menu_order":0,"comment_status":"closed","ping_status":"closed","template":"page-templates\/template-pagebuilder-full-width.php","meta":{"neve_meta_sidebar":"full-width","neve_meta_container":"","neve_meta_enable_content_width":"on","neve_meta_content_width":100,"neve_meta_title_alignment":"","neve_meta_author_avatar":"","neve_post_elements_order":"","neve_meta_disable_header":"","neve_meta_disable_footer":"","neve_meta_disable_title":"","footnotes":""},"class_list":["post-4613","page","type-page","status-publish","hentry"],"yoast_head":"<!-- This site is optimized with the Yoast SEO plugin v25.8 - https:\/\/yoast.com\/wordpress\/plugins\/seo\/ -->\n<title>Cas d&#039;usage : Nos clients vous en parlent | Ficha<\/title>\n<meta name=\"description\" content=\"Cas d&#039;usage : Retrouvez les t\u00e9moignages de nos clients sur les produits Ficha dans leur chemin vers une meilleure gestion des d\u00e9chets.\" \/>\n<meta name=\"robots\" content=\"index, follow, max-snippet:-1, max-image-preview:large, max-video-preview:-1\" \/>\n<link rel=\"canonical\" href=\"https:\/\/ficha.fr\/es\/cas-usage\/\" \/>\n<meta property=\"og:locale\" content=\"es_ES\" \/>\n<meta property=\"og:type\" content=\"article\" \/>\n<meta property=\"og:title\" content=\"Cas d&#039;usage : Nos clients vous en parlent | Ficha\" \/>\n<meta property=\"og:description\" content=\"Cas d&#039;usage : Retrouvez les t\u00e9moignages de nos clients sur les produits Ficha dans leur chemin vers une meilleure gestion des d\u00e9chets.\" \/>\n<meta property=\"og:url\" content=\"https:\/\/ficha.fr\/es\/cas-usage\/\" \/>\n<meta property=\"og:site_name\" content=\"Ficha\" \/>\n<meta property=\"article:modified_time\" content=\"2023-06-28T12:32:19+00:00\" \/>\n<meta property=\"og:image\" content=\"https:\/\/ficha.fr\/wp-content\/uploads\/2020\/08\/all_screens_blue.png\" \/>\n\t<meta property=\"og:image:width\" content=\"1366\" \/>\n\t<meta property=\"og:image:height\" content=\"768\" \/>\n\t<meta property=\"og:image:type\" content=\"image\/png\" \/>\n<meta name=\"twitter:card\" content=\"summary_large_image\" \/>\n<meta name=\"twitter:label1\" content=\"Tiempo de lectura\" \/>\n\t<meta name=\"twitter:data1\" content=\"1 minuto\" \/>\n<script type=\"application\/ld+json\" class=\"yoast-schema-graph\">{\"@context\":\"https:\/\/schema.org\",\"@graph\":[{\"@type\":\"WebPage\",\"@id\":\"https:\/\/ficha.fr\/cas-usage\",\"url\":\"https:\/\/ficha.fr\/cas-usage\",\"name\":\"Cas d'usage : Nos clients vous en parlent | Ficha\",\"isPartOf\":{\"@id\":\"https:\/\/ficha.fr\/#website\"},\"datePublished\":\"2023-06-22T10:23:29+00:00\",\"dateModified\":\"2023-06-28T12:32:19+00:00\",\"description\":\"Cas d'usage : Retrouvez les t\u00e9moignages de nos clients sur les produits Ficha dans leur chemin vers une meilleure gestion des d\u00e9chets.\",\"breadcrumb\":{\"@id\":\"https:\/\/ficha.fr\/cas-usage#breadcrumb\"},\"inLanguage\":\"es\",\"potentialAction\":[{\"@type\":\"ReadAction\",\"target\":[\"https:\/\/ficha.fr\/cas-usage\"]}]},{\"@type\":\"BreadcrumbList\",\"@id\":\"https:\/\/ficha.fr\/cas-usage#breadcrumb\",\"itemListElement\":[{\"@type\":\"ListItem\",\"position\":1,\"name\":\"Accueil\",\"item\":\"https:\/\/ficha.fr\/\"},{\"@type\":\"ListItem\",\"position\":2,\"name\":\"Cas d&rsquo;usage\"}]},{\"@type\":\"WebSite\",\"@id\":\"https:\/\/ficha.fr\/#website\",\"url\":\"https:\/\/ficha.fr\/\",\"name\":\"Ficha\",\"description\":\"C&#039;est pas fichu!\",\"publisher\":{\"@id\":\"https:\/\/ficha.fr\/#organization\"},\"potentialAction\":[{\"@type\":\"SearchAction\",\"target\":{\"@type\":\"EntryPoint\",\"urlTemplate\":\"https:\/\/ficha.fr\/?s={search_term_string}\"},\"query-input\":{\"@type\":\"PropertyValueSpecification\",\"valueRequired\":true,\"valueName\":\"search_term_string\"}}],\"inLanguage\":\"es\"},{\"@type\":\"Organization\",\"@id\":\"https:\/\/ficha.fr\/#organization\",\"name\":\"Ficha\",\"url\":\"https:\/\/ficha.fr\/\",\"logo\":{\"@type\":\"ImageObject\",\"inLanguage\":\"es\",\"@id\":\"https:\/\/ficha.fr\/#\/schema\/logo\/image\/\",\"url\":\"https:\/\/ficha.fr\/wp-content\/uploads\/2021\/06\/logo_c_pas_fichu_pink.png\",\"contentUrl\":\"https:\/\/ficha.fr\/wp-content\/uploads\/2021\/06\/logo_c_pas_fichu_pink.png\",\"width\":229,\"height\":126,\"caption\":\"Ficha\"},\"image\":{\"@id\":\"https:\/\/ficha.fr\/#\/schema\/logo\/image\/\"}}]}<\/script>\n<!-- \/ Yoast SEO plugin. -->","yoast_head_json":{"title":"Casos de uso: Nuestros clientes te lo cuentan | Ficha","description":"Casos de uso: Encuentre los testimonios de nuestros clientes sobre los productos Ficha en su camino hacia una mejor gesti\u00f3n de residuos.","robots":{"index":"index","follow":"follow","max-snippet":"max-snippet:-1","max-image-preview":"max-image-preview:large","max-video-preview":"max-video-preview:-1"},"canonical":"https:\/\/ficha.fr\/es\/cas-usage\/","og_locale":"es_ES","og_type":"article","og_title":"Cas d'usage : Nos clients vous en parlent | Ficha","og_description":"Cas d'usage : Retrouvez les t\u00e9moignages de nos clients sur les produits Ficha dans leur chemin vers une meilleure gestion des d\u00e9chets.","og_url":"https:\/\/ficha.fr\/es\/cas-usage\/","og_site_name":"Ficha","article_modified_time":"2023-06-28T12:32:19+00:00","og_image":[{"width":1366,"height":768,"url":"https:\/\/ficha.fr\/wp-content\/uploads\/2020\/08\/all_screens_blue.png","type":"image\/png"}],"twitter_card":"summary_large_image","twitter_misc":{"Tiempo de lectura":"1 minuto"},"schema":{"@context":"https:\/\/schema.org","@graph":[{"@type":"WebPage","@id":"https:\/\/ficha.fr\/cas-usage","url":"https:\/\/ficha.fr\/cas-usage","name":"Casos de uso: Nuestros clientes te lo cuentan | Ficha","isPartOf":{"@id":"https:\/\/ficha.fr\/#website"},"datePublished":"2023-06-22T10:23:29+00:00","dateModified":"2023-06-28T12:32:19+00:00","description":"Casos de uso: Encuentre los testimonios de nuestros clientes sobre los productos Ficha en su camino hacia una mejor gesti\u00f3n de residuos.","breadcrumb":{"@id":"https:\/\/ficha.fr\/cas-usage#breadcrumb"},"inLanguage":"es","potentialAction":[{"@type":"ReadAction","target":["https:\/\/ficha.fr\/cas-usage"]}]},{"@type":"BreadcrumbList","@id":"https:\/\/ficha.fr\/cas-usage#breadcrumb","itemListElement":[{"@type":"ListItem","position":1,"name":"Accueil","item":"https:\/\/ficha.fr\/"},{"@type":"ListItem","position":2,"name":"Cas d&rsquo;usage"}]},{"@type":"WebSite","@id":"https:\/\/ficha.fr\/#website","url":"https:\/\/ficha.fr\/","name":"Ficha","description":"\u00a1Esto no ha terminado!","publisher":{"@id":"https:\/\/ficha.fr\/#organization"},"potentialAction":[{"@type":"SearchAction","target":{"@type":"EntryPoint","urlTemplate":"https:\/\/ficha.fr\/?s={search_term_string}"},"query-input":{"@type":"PropertyValueSpecification","valueRequired":true,"valueName":"search_term_string"}}],"inLanguage":"es"},{"@type":"Organization","@id":"https:\/\/ficha.fr\/#organization","name":"Ficha","url":"https:\/\/ficha.fr\/","logo":{"@type":"ImageObject","inLanguage":"es","@id":"https:\/\/ficha.fr\/#\/schema\/logo\/image\/","url":"https:\/\/ficha.fr\/wp-content\/uploads\/2021\/06\/logo_c_pas_fichu_pink.png","contentUrl":"https:\/\/ficha.fr\/wp-content\/uploads\/2021\/06\/logo_c_pas_fichu_pink.png","width":229,"height":126,"caption":"Ficha"},"image":{"@id":"https:\/\/ficha.fr\/#\/schema\/logo\/image\/"}}]}},"_links":{"self":[{"href":"https:\/\/ficha.fr\/es\/wp-json\/wp\/v2\/pages\/4613","targetHints":{"allow":["GET"]}}],"collection":[{"href":"https:\/\/ficha.fr\/es\/wp-json\/wp\/v2\/pages"}],"about":[{"href":"https:\/\/ficha.fr\/es\/wp-json\/wp\/v2\/types\/page"}],"author":[{"embeddable":true,"href":"https:\/\/ficha.fr\/es\/wp-json\/wp\/v2\/users\/1"}],"replies":[{"embeddable":true,"href":"https:\/\/ficha.fr\/es\/wp-json\/wp\/v2\/comments?post=4613"}],"version-history":[{"count":85,"href":"https:\/\/ficha.fr\/es\/wp-json\/wp\/v2\/pages\/4613\/revisions"}],"predecessor-version":[{"id":4738,"href":"https:\/\/ficha.fr\/es\/wp-json\/wp\/v2\/pages\/4613\/revisions\/4738"}],"wp:attachment":[{"href":"https:\/\/ficha.fr\/es\/wp-json\/wp\/v2\/media?parent=4613"}],"curies":[{"name":"gracias","href":"https:\/\/api.w.org\/{rel}","templated":true}]}}