{"id":5090,"date":"2025-09-02T11:25:39","date_gmt":"2025-09-02T11:25:39","guid":{"rendered":"https:\/\/ficha.fr\/?page_id=5090"},"modified":"2025-09-04T11:52:05","modified_gmt":"2025-09-04T11:52:05","slug":"fiche-pratique-ambassadeurs-du-tri","status":"publish","type":"page","link":"https:\/\/ficha.fr\/es\/fiche-pratique-ambassadeurs-du-tri","title":{"rendered":"Hoja pr\u00e1ctica para la clasificaci\u00f3n de embajadores"},"content":{"rendered":"<div style=\"height:100px\" aria-hidden=\"true\" class=\"wp-block-spacer\"><\/div>\n\n\n\n<div class=\"wp-block-columns is-layout-flex wp-container-core-columns-is-layout-9d6595d7 wp-block-columns-is-layout-flex\">\n<div class=\"wp-block-column is-vertically-aligned-center is-layout-flow wp-block-column-is-layout-flow\">\n<script src=\"https:\/\/js.hsforms.net\/forms\/embed\/8058952.js\" defer><\/script>\n<div class=\"hs-form-frame\" data-region=\"na1\" data-form-id=\"c9fd57d1-560c-49d3-a950-5857accfd168\" data-portal-id=\"8058952\"><\/div>\n\n<\/div>\n\n\n\n<div class=\"wp-block-column is-vertically-aligned-center is-layout-flow wp-block-column-is-layout-flow\"><div class=\"wp-block-image\">\n<figure class=\"aligncenter size-large\"><img fetchpriority=\"high\" decoding=\"async\" width=\"1080\" height=\"1080\" src=\"https:\/\/ficha.fr\/wp-content\/uploads\/2025\/09\/4-1024x1024.png\" alt=\"Fiche pratique pour les Ambassadeurs du tri \" class=\"wp-image-5103\" srcset=\"https:\/\/ficha.fr\/wp-content\/uploads\/2025\/09\/4-1024x1024.png 1024w, https:\/\/ficha.fr\/wp-content\/uploads\/2025\/09\/4-300x300.png 300w, https:\/\/ficha.fr\/wp-content\/uploads\/2025\/09\/4-150x150.png 150w, https:\/\/ficha.fr\/wp-content\/uploads\/2025\/09\/4-768x768.png 768w, https:\/\/ficha.fr\/wp-content\/uploads\/2025\/09\/4-12x12.png 12w, https:\/\/ficha.fr\/wp-content\/uploads\/2025\/09\/4.png 1080w\" sizes=\"(max-width: 1080px) 100vw, 1080px\" \/><\/figure><\/div><\/div>\n<\/div>","protected":false},"excerpt":{"rendered":"","protected":false},"author":1,"featured_media":5103,"parent":0,"menu_order":0,"comment_status":"closed","ping_status":"closed","template":"","meta":{"neve_meta_sidebar":"full-width","neve_meta_container":"","neve_meta_enable_content_width":"on","neve_meta_content_width":100,"neve_meta_title_alignment":"","neve_meta_author_avatar":"","neve_post_elements_order":"","neve_meta_disable_header":"","neve_meta_disable_footer":"","neve_meta_disable_title":"","footnotes":""},"class_list":["post-5090","page","type-page","status-publish","has-post-thumbnail","hentry"],"yoast_head":"<!-- This site is optimized with the Yoast SEO plugin v25.8 - https:\/\/yoast.com\/wordpress\/plugins\/seo\/ -->\n<title>Fiche Pratique Ambassadeurs du tri - Ficha<\/title>\n<meta name=\"description\" content=\"T\u00e9l\u00e9chargez gratuitement votre fiche pratique PDF \u201cAmbassadeurs du tri\u201d et am\u00e9liorez la sensibilisation au tri dans votre collectivit\u00e9.\" \/>\n<meta name=\"robots\" content=\"index, follow, max-snippet:-1, max-image-preview:large, max-video-preview:-1\" \/>\n<link rel=\"canonical\" href=\"https:\/\/ficha.fr\/es\/fiche-pratique-ambassadeurs-du-tri\/\" \/>\n<meta property=\"og:locale\" content=\"es_ES\" \/>\n<meta property=\"og:type\" content=\"article\" \/>\n<meta property=\"og:title\" content=\"Fiche Pratique Ambassadeurs du tri - Ficha\" \/>\n<meta property=\"og:description\" content=\"T\u00e9l\u00e9chargez gratuitement votre fiche pratique PDF \u201cAmbassadeurs du tri\u201d et am\u00e9liorez la sensibilisation au tri dans votre collectivit\u00e9.\" \/>\n<meta property=\"og:url\" content=\"https:\/\/ficha.fr\/es\/fiche-pratique-ambassadeurs-du-tri\/\" \/>\n<meta property=\"og:site_name\" content=\"Ficha\" \/>\n<meta property=\"article:modified_time\" content=\"2025-09-04T11:52:05+00:00\" \/>\n<meta property=\"og:image\" content=\"https:\/\/ficha.fr\/wp-content\/uploads\/2025\/09\/4.png\" \/>\n\t<meta property=\"og:image:width\" content=\"1080\" \/>\n\t<meta property=\"og:image:height\" content=\"1080\" \/>\n\t<meta property=\"og:image:type\" content=\"image\/png\" \/>\n<meta name=\"twitter:card\" content=\"summary_large_image\" \/>\n<meta name=\"twitter:label1\" content=\"Tiempo de lectura\" \/>\n\t<meta name=\"twitter:data1\" content=\"1 minuto\" \/>\n<script type=\"application\/ld+json\" class=\"yoast-schema-graph\">{\"@context\":\"https:\/\/schema.org\",\"@graph\":[{\"@type\":\"WebPage\",\"@id\":\"https:\/\/ficha.fr\/fiche-pratique-ambassadeurs-du-tri\",\"url\":\"https:\/\/ficha.fr\/fiche-pratique-ambassadeurs-du-tri\",\"name\":\"Fiche Pratique Ambassadeurs du tri - Ficha\",\"isPartOf\":{\"@id\":\"https:\/\/ficha.fr\/#website\"},\"primaryImageOfPage\":{\"@id\":\"https:\/\/ficha.fr\/fiche-pratique-ambassadeurs-du-tri#primaryimage\"},\"image\":{\"@id\":\"https:\/\/ficha.fr\/fiche-pratique-ambassadeurs-du-tri#primaryimage\"},\"thumbnailUrl\":\"https:\/\/ficha.fr\/wp-content\/uploads\/2025\/09\/4.png\",\"datePublished\":\"2025-09-02T11:25:39+00:00\",\"dateModified\":\"2025-09-04T11:52:05+00:00\",\"description\":\"T\u00e9l\u00e9chargez gratuitement votre fiche pratique PDF \u201cAmbassadeurs du tri\u201d et am\u00e9liorez la sensibilisation au tri dans votre collectivit\u00e9.\",\"breadcrumb\":{\"@id\":\"https:\/\/ficha.fr\/fiche-pratique-ambassadeurs-du-tri#breadcrumb\"},\"inLanguage\":\"es\",\"potentialAction\":[{\"@type\":\"ReadAction\",\"target\":[\"https:\/\/ficha.fr\/fiche-pratique-ambassadeurs-du-tri\"]}]},{\"@type\":\"ImageObject\",\"inLanguage\":\"es\",\"@id\":\"https:\/\/ficha.fr\/fiche-pratique-ambassadeurs-du-tri#primaryimage\",\"url\":\"https:\/\/ficha.fr\/wp-content\/uploads\/2025\/09\/4.png\",\"contentUrl\":\"https:\/\/ficha.fr\/wp-content\/uploads\/2025\/09\/4.png\",\"width\":1080,\"height\":1080,\"caption\":\"T\u00e9l\u00e9chargez gratuitement la fiche pratique Ambassadeurs du tri pour am\u00e9liorer la sensibilisation dans votre collectivit\u00e9.\"},{\"@type\":\"BreadcrumbList\",\"@id\":\"https:\/\/ficha.fr\/fiche-pratique-ambassadeurs-du-tri#breadcrumb\",\"itemListElement\":[{\"@type\":\"ListItem\",\"position\":1,\"name\":\"Accueil\",\"item\":\"https:\/\/ficha.fr\/\"},{\"@type\":\"ListItem\",\"position\":2,\"name\":\"Fiche Pratique Ambassadeurs du tri\"}]},{\"@type\":\"WebSite\",\"@id\":\"https:\/\/ficha.fr\/#website\",\"url\":\"https:\/\/ficha.fr\/\",\"name\":\"Ficha\",\"description\":\"C&#039;est pas fichu!\",\"publisher\":{\"@id\":\"https:\/\/ficha.fr\/#organization\"},\"potentialAction\":[{\"@type\":\"SearchAction\",\"target\":{\"@type\":\"EntryPoint\",\"urlTemplate\":\"https:\/\/ficha.fr\/?s={search_term_string}\"},\"query-input\":{\"@type\":\"PropertyValueSpecification\",\"valueRequired\":true,\"valueName\":\"search_term_string\"}}],\"inLanguage\":\"es\"},{\"@type\":\"Organization\",\"@id\":\"https:\/\/ficha.fr\/#organization\",\"name\":\"Ficha\",\"url\":\"https:\/\/ficha.fr\/\",\"logo\":{\"@type\":\"ImageObject\",\"inLanguage\":\"es\",\"@id\":\"https:\/\/ficha.fr\/#\/schema\/logo\/image\/\",\"url\":\"https:\/\/ficha.fr\/wp-content\/uploads\/2021\/06\/logo_c_pas_fichu_pink.png\",\"contentUrl\":\"https:\/\/ficha.fr\/wp-content\/uploads\/2021\/06\/logo_c_pas_fichu_pink.png\",\"width\":229,\"height\":126,\"caption\":\"Ficha\"},\"image\":{\"@id\":\"https:\/\/ficha.fr\/#\/schema\/logo\/image\/\"}}]}<\/script>\n<!-- \/ Yoast SEO plugin. -->","yoast_head_json":{"title":"Gu\u00eda pr\u00e1ctica para embajadores del reciclaje - Hoja informativa","description":"Descarga gratis tu gu\u00eda pr\u00e1ctica en PDF \u201cEmbajadores de la Clasificaci\u00f3n\u201d y mejora la concienciaci\u00f3n sobre el reciclaje en tu comunidad.","robots":{"index":"index","follow":"follow","max-snippet":"max-snippet:-1","max-image-preview":"max-image-preview:large","max-video-preview":"max-video-preview:-1"},"canonical":"https:\/\/ficha.fr\/es\/fiche-pratique-ambassadeurs-du-tri\/","og_locale":"es_ES","og_type":"article","og_title":"Fiche Pratique Ambassadeurs du tri - Ficha","og_description":"T\u00e9l\u00e9chargez gratuitement votre fiche pratique PDF \u201cAmbassadeurs du tri\u201d et am\u00e9liorez la sensibilisation au tri dans votre collectivit\u00e9.","og_url":"https:\/\/ficha.fr\/es\/fiche-pratique-ambassadeurs-du-tri\/","og_site_name":"Ficha","article_modified_time":"2025-09-04T11:52:05+00:00","og_image":[{"width":1080,"height":1080,"url":"https:\/\/ficha.fr\/wp-content\/uploads\/2025\/09\/4.png","type":"image\/png"}],"twitter_card":"summary_large_image","twitter_misc":{"Tiempo de lectura":"1 minuto"},"schema":{"@context":"https:\/\/schema.org","@graph":[{"@type":"WebPage","@id":"https:\/\/ficha.fr\/fiche-pratique-ambassadeurs-du-tri","url":"https:\/\/ficha.fr\/fiche-pratique-ambassadeurs-du-tri","name":"Gu\u00eda pr\u00e1ctica para embajadores del reciclaje - Hoja informativa","isPartOf":{"@id":"https:\/\/ficha.fr\/#website"},"primaryImageOfPage":{"@id":"https:\/\/ficha.fr\/fiche-pratique-ambassadeurs-du-tri#primaryimage"},"image":{"@id":"https:\/\/ficha.fr\/fiche-pratique-ambassadeurs-du-tri#primaryimage"},"thumbnailUrl":"https:\/\/ficha.fr\/wp-content\/uploads\/2025\/09\/4.png","datePublished":"2025-09-02T11:25:39+00:00","dateModified":"2025-09-04T11:52:05+00:00","description":"Descarga gratis tu gu\u00eda pr\u00e1ctica en PDF \u201cEmbajadores de la Clasificaci\u00f3n\u201d y mejora la concienciaci\u00f3n sobre el reciclaje en tu comunidad.","breadcrumb":{"@id":"https:\/\/ficha.fr\/fiche-pratique-ambassadeurs-du-tri#breadcrumb"},"inLanguage":"es","potentialAction":[{"@type":"ReadAction","target":["https:\/\/ficha.fr\/fiche-pratique-ambassadeurs-du-tri"]}]},{"@type":"ImageObject","inLanguage":"es","@id":"https:\/\/ficha.fr\/fiche-pratique-ambassadeurs-du-tri#primaryimage","url":"https:\/\/ficha.fr\/wp-content\/uploads\/2025\/09\/4.png","contentUrl":"https:\/\/ficha.fr\/wp-content\/uploads\/2025\/09\/4.png","width":1080,"height":1080,"caption":"T\u00e9l\u00e9chargez gratuitement la fiche pratique Ambassadeurs du tri pour am\u00e9liorer la sensibilisation dans votre collectivit\u00e9."},{"@type":"BreadcrumbList","@id":"https:\/\/ficha.fr\/fiche-pratique-ambassadeurs-du-tri#breadcrumb","itemListElement":[{"@type":"ListItem","position":1,"name":"Accueil","item":"https:\/\/ficha.fr\/"},{"@type":"ListItem","position":2,"name":"Fiche Pratique Ambassadeurs du tri"}]},{"@type":"WebSite","@id":"https:\/\/ficha.fr\/#website","url":"https:\/\/ficha.fr\/","name":"Ficha","description":"\u00a1Esto no ha terminado!","publisher":{"@id":"https:\/\/ficha.fr\/#organization"},"potentialAction":[{"@type":"SearchAction","target":{"@type":"EntryPoint","urlTemplate":"https:\/\/ficha.fr\/?s={search_term_string}"},"query-input":{"@type":"PropertyValueSpecification","valueRequired":true,"valueName":"search_term_string"}}],"inLanguage":"es"},{"@type":"Organization","@id":"https:\/\/ficha.fr\/#organization","name":"Ficha","url":"https:\/\/ficha.fr\/","logo":{"@type":"ImageObject","inLanguage":"es","@id":"https:\/\/ficha.fr\/#\/schema\/logo\/image\/","url":"https:\/\/ficha.fr\/wp-content\/uploads\/2021\/06\/logo_c_pas_fichu_pink.png","contentUrl":"https:\/\/ficha.fr\/wp-content\/uploads\/2021\/06\/logo_c_pas_fichu_pink.png","width":229,"height":126,"caption":"Ficha"},"image":{"@id":"https:\/\/ficha.fr\/#\/schema\/logo\/image\/"}}]}},"_links":{"self":[{"href":"https:\/\/ficha.fr\/es\/wp-json\/wp\/v2\/pages\/5090","targetHints":{"allow":["GET"]}}],"collection":[{"href":"https:\/\/ficha.fr\/es\/wp-json\/wp\/v2\/pages"}],"about":[{"href":"https:\/\/ficha.fr\/es\/wp-json\/wp\/v2\/types\/page"}],"author":[{"embeddable":true,"href":"https:\/\/ficha.fr\/es\/wp-json\/wp\/v2\/users\/1"}],"replies":[{"embeddable":true,"href":"https:\/\/ficha.fr\/es\/wp-json\/wp\/v2\/comments?post=5090"}],"version-history":[{"count":17,"href":"https:\/\/ficha.fr\/es\/wp-json\/wp\/v2\/pages\/5090\/revisions"}],"predecessor-version":[{"id":5110,"href":"https:\/\/ficha.fr\/es\/wp-json\/wp\/v2\/pages\/5090\/revisions\/5110"}],"wp:featuredmedia":[{"embeddable":true,"href":"https:\/\/ficha.fr\/es\/wp-json\/wp\/v2\/media\/5103"}],"wp:attachment":[{"href":"https:\/\/ficha.fr\/es\/wp-json\/wp\/v2\/media?parent=5090"}],"curies":[{"name":"gracias","href":"https:\/\/api.w.org\/{rel}","templated":true}]}}